{"id":1280,"date":"2020-11-04T12:31:53","date_gmt":"2020-11-04T17:31:53","guid":{"rendered":"http:\/\/www.portalmedia.com.mx\/fsi\/?page_id=1280"},"modified":"2020-11-04T12:34:47","modified_gmt":"2020-11-04T17:34:47","slug":"mario-enrique-nunez-banuet-corzo","status":"publish","type":"page","link":"http:\/\/www.ideafoodsafetyinnovation.com\/sitio\/mario-enrique-nunez-banuet-corzo\/","title":{"rendered":"Mario Enrique N\u00fa\u00f1ez Banuet Corzo"},"content":{"rendered":"<p>[et_pb_section fb_built=\u00bb1&#8243; custom_padding_last_edited=\u00bbon|phone\u00bb admin_label=\u00bbHero\u00bb _builder_version=\u00bb4.6.6&#8243; use_background_color_gradient=\u00bbon\u00bb background_color_gradient_start=\u00bbrgba(0,0,0,0.4)\u00bb background_color_gradient_end=\u00bbrgba(0,0,0,0.5)\u00bb background_color_gradient_overlays_image=\u00bbon\u00bb background_image=\u00bbhttp:\/\/www.ideafoodsafetyinnovation.com\/sitio\/\/wp-content\/uploads\/2020\/10\/banner1.jpg\u00bb background_position=\u00bbbottom_right\u00bb custom_margin=\u00bb|5vw||\u00bb custom_padding=\u00bb2vw||2vw||true|false\u00bb custom_padding_tablet=\u00bb100px||100px|\u00bb custom_padding_phone=\u00bb|||\u00bb animation_style=\u00bbslide\u00bb animation_direction=\u00bbleft\u00bb animation_intensity_slide=\u00bb5%\u00bb border_radii=\u00bb|||30vw|\u00bb border_color_all=\u00bb#0ee1f4&#8243; border_width_right=\u00bb2vw\u00bb border_color_right=\u00bb#7f3078&#8243; box_shadow_style=\u00bbpreset4&#8243; box_shadow_horizontal=\u00bb20px\u00bb box_shadow_vertical=\u00bb0px\u00bb box_shadow_color=\u00bbrgba(127,48,120,0.86)\u00bb][et_pb_row _builder_version=\u00bb4.5.7&#8243; custom_padding=\u00bb0|0px|27px|0px\u00bb][et_pb_column type=\u00bb4_4&#8243; _builder_version=\u00bb3.25&#8243; custom_padding=\u00bb|||\u00bb custom_padding__hover=\u00bb|||\u00bb][et_pb_text admin_label=\u00bbText\u00bb _builder_version=\u00bb4.6.5&#8243; text_font=\u00bbMontserrat|300|||||||\u00bb text_font_size=\u00bb22px\u00bb text_line_height=\u00bb1.8em\u00bb ul_font=\u00bb||||||||\u00bb header_font=\u00bbMontserrat|||on|||||\u00bb header_font_size=\u00bb40px\u00bb header_line_height=\u00bb1.2em\u00bb text_orientation=\u00bbcenter\u00bb background_layout=\u00bbdark\u00bb module_alignment=\u00bbcenter\u00bb custom_padding=\u00bb20px||||false|false\u00bb text_line_height_tablet=\u00bb2em\u00bb text_line_height_phone=\u00bb2em\u00bb text_line_height_last_edited=\u00bboff|desktop\u00bb header_font_size_tablet=\u00bb40px\u00bb header_font_size_phone=\u00bb\u00bb header_font_size_last_edited=\u00bbon|tablet\u00bb header_line_height_tablet=\u00bb1.2em\u00bb header_line_height_phone=\u00bb1.1em\u00bb header_line_height_last_edited=\u00bbon|phone\u00bb header_text_shadow_style=\u00bbpreset3&#8243; header_text_shadow_color=\u00bbrgba(0,0,0,0.06)\u00bb]<\/p>\n<h1>Instructores<\/h1>\n<p>[\/et_pb_text][\/et_pb_column][\/et_pb_row][\/et_pb_section][et_pb_section fb_built=\u00bb1&#8243; admin_label=\u00bbWhy Us\u00bb _builder_version=\u00bb4.5.7&#8243; background_enable_image=\u00bboff\u00bb background_position=\u00bbtop_center\u00bb custom_padding=\u00bb70px|0px|30px|0px|false|false\u00bb][et_pb_row _builder_version=\u00bb4.5.7&#8243; custom_margin=\u00bb||0px||false|false\u00bb custom_margin_tablet=\u00bb||0px|\u00bb custom_margin_last_edited=\u00bboff|desktop\u00bb custom_padding=\u00bb||0px||false|false\u00bb use_custom_width=\u00bbon\u00bb width_unit=\u00bboff\u00bb custom_width_percent=\u00bb100%\u00bb][et_pb_column type=\u00bb4_4&#8243; _builder_version=\u00bb4.5.7&#8243; custom_padding_tablet=\u00bb0px|50px|50px|50px\u00bb custom_padding_last_edited=\u00bboff|desktop\u00bb padding_tablet=\u00bb0px|50px|50px|50px\u00bb padding_last_edited=\u00bbon|desktop\u00bb custom_padding__hover=\u00bb|||\u00bb][et_pb_text _builder_version=\u00bb4.6.6&#8243; text_font=\u00bbMontserrat|300|||||||\u00bb text_font_size=\u00bb16px\u00bb text_line_height=\u00bb1.8em\u00bb header_font=\u00bb||||||||\u00bb header_2_font=\u00bbMontserrat||||||||\u00bb header_2_text_align=\u00bbleft\u00bb header_2_font_size=\u00bb30px\u00bb header_2_line_height=\u00bb1.5em\u00bb max_width=\u00bb600px\u00bb custom_margin=\u00bb||0px||false|false\u00bb custom_margin_tablet=\u00bb0px|50px||50px\u00bb custom_margin_last_edited=\u00bboff|desktop\u00bb hover_enabled=\u00bb0&#8243; header_2_font_size_tablet=\u00bb\u00bb header_2_font_size_phone=\u00bb30px\u00bb header_2_font_size_last_edited=\u00bbon|phone\u00bb sticky_enabled=\u00bb0&#8243;]<\/p>\n<h2>Mario Enrique Nu\u00f1ez Banuet Corzo<\/h2>\n<p>[\/et_pb_text][et_pb_divider divider_weight=\u00bb5px\u00bb _builder_version=\u00bb4.5.7&#8243; custom_margin=\u00bb||10px||false|false\u00bb custom_padding=\u00bb10px||||false|false\u00bb][\/et_pb_divider][\/et_pb_column][\/et_pb_row][et_pb_row column_structure=\u00bb1_3,2_3&#8243; use_custom_gutter=\u00bbon\u00bb _builder_version=\u00bb4.6.5&#8243; _module_preset=\u00bbdefault\u00bb][et_pb_column type=\u00bb1_3&#8243; _builder_version=\u00bb4.6.5&#8243; _module_preset=\u00bbdefault\u00bb][et_pb_image src=\u00bbhttp:\/\/www.ideafoodsafetyinnovation.com\/sitio\/\/wp-content\/uploads\/2020\/10\/instructor-mario-nunez.jpg\u00bb title_text=\u00bbinstructor-mario-nunez\u00bb align=\u00bbcenter\u00bb _builder_version=\u00bb4.6.6&#8243; _module_preset=\u00bbdefault\u00bb hover_enabled=\u00bb0&#8243; sticky_enabled=\u00bb0&#8243;][\/et_pb_image][\/et_pb_column][et_pb_column type=\u00bb2_3&#8243; _builder_version=\u00bb4.6.5&#8243; _module_preset=\u00bbdefault\u00bb][et_pb_text _builder_version=\u00bb4.6.6&#8243; _module_preset=\u00bbdefault\u00bb text_font=\u00bbMontserrat||||||||\u00bb header_text_align=\u00bbjustify\u00bb hover_enabled=\u00bb0&#8243; sticky_enabled=\u00bb0&#8243;]<\/p>\n<p><span>Estudi\u00f3 la carrera de\u00a0<\/span><strong>Ingenier\u00eda en Industrias Alimentarias<\/strong><span>\u00a0en el\u00a0<\/span><strong>Instituto Tecnol\u00f3gico y de Estudios Superiores de Monterrey<\/strong><span>. Cuenta con la\u00a0<\/span><strong>Maestr\u00eda en Administraci\u00f3n<\/strong><span>\u00a0con\u00a0<\/span><strong>Especialidad en Recursos Humanos<\/strong><span>\u00a0en la misma instituci\u00f3n. Durante 4 a\u00f1os fue profesor de c\u00e1tedra en el Departamento de Tecnolog\u00eda de Alimentos en el\u00a0<\/span><strong>ITESM<\/strong><span>,\u00a0<\/span><strong>Campus Monterrey<\/strong><span>, as\u00ed como en el Departamento de Mercadotecnia de la\u00a0<\/span><strong>Universidad de Monterre<\/strong><span>y (<\/span><strong>UDEM<\/strong><span>).<\/span><\/p>\n<p><span>Por m\u00e1s de 16 a\u00f1os se ha dedicado a capacitar y asesorar a m\u00e1s de 70 empresas de diversos sectores de la industria de alimentos en la implementaci\u00f3n de\u00a0<strong>Buenas Pr\u00e1cticas de Manufactura y HACCP<\/strong>. Ha participado en el dise\u00f1o de rastros, salas de deshuese, plantas procesadoras de carnes, plantas procesadoras de panader\u00eda y pasteler\u00eda.<\/span><\/p>\n<p>[\/et_pb_text][\/et_pb_column][\/et_pb_row][et_pb_row _builder_version=\u00bb4.6.6&#8243; _module_preset=\u00bbdefault\u00bb custom_padding=\u00bb0px|||||\u00bb][et_pb_column type=\u00bb4_4&#8243; _builder_version=\u00bb4.6.6&#8243; _module_preset=\u00bbdefault\u00bb][et_pb_text _builder_version=\u00bb4.6.6&#8243; _module_preset=\u00bbdefault\u00bb text_font=\u00bbMontserrat||||||||\u00bb header_text_align=\u00bbjustify\u00bb hover_enabled=\u00bb0&#8243; sticky_enabled=\u00bb0&#8243;]<\/p>\n<p>Como parte de su desarrollo profesional ha participado en diversos cursos como<span>\u00a0<\/span><strong>\u201cManipulaci\u00f3n Higi\u00e9nica de Alimentos Instructor Distintivo H\u201d<\/strong><span>\u00a0<\/span>impartido por Secretar\u00eda de Salud \/ Secretar\u00eda de Turismo,<span>\u00a0<\/span><strong>\u201cElaboraci\u00f3n de Carpeta TIF\u201d<\/strong><span>\u00a0<\/span>impartido por<span>\u00a0<\/span><strong>OCETIF \u2013 ANETIF<\/strong>,<span>\u00a0<\/span><strong>\u201cHACCP Planning for Meat and Poultry Companies\u201d<\/strong><span>\u00a0<\/span>impartido por<span>\u00a0<\/span><strong>American Meat Institute \u2013 ITESM<\/strong>,<span>\u00a0<\/span><strong>\u201cBeef Cattle Feeding and Management Short Course\u201d<\/strong><span>\u00a0<\/span>impartido por<span>\u00a0<\/span><strong>Texas A&amp;M University<\/strong>,<span>\u00a0<\/span><strong>\u201cBeneficios del Pacto Mundial en las Pymes\u201d<\/strong><span>\u00a0<\/span>impartido por<span>\u00a0<\/span><strong>Comit\u00e9 Nacional de Productividad e Innovaci\u00f3n tecnol\u00f3gica<\/strong>,<span>\u00a0<\/span><strong>\u201cMeat Science Fabrication and Evaluation Short Course\u201d<\/strong><span>\u00a0<\/span>en<span>\u00a0<\/span><strong>Kansas State University International<\/strong>. Est\u00e1 acreditado como<span>\u00a0<\/span><strong>Consultor Tecnol\u00f3gico Especialista<\/strong><span>\u00a0<\/span>por el<span>\u00a0<\/span><strong>Consejo Nacional de Ciencia y Tecnolog\u00eda<\/strong><span>\u00a0<\/span>(<strong>CONACYT<\/strong>).<\/p>\n<p>Ha participado como instructor en diferentes cursos, talleres y diplomados en los temas de Inocuidad Alimentaria, Desarrollo de Nuevos Productos, Ciencia y Fundamentos de la Carne, Industrializaci\u00f3n de Productos C\u00e1rnicos, Innovaci\u00f3n y Desarrollo Tecnol\u00f3gico, entre otros.<\/p>\n<p>[\/et_pb_text][\/et_pb_column][\/et_pb_row][\/et_pb_section]<\/p>\n","protected":false},"excerpt":{"rendered":"<p>InstructoresMario Enrique Nu\u00f1ez Banuet Corzo Estudi\u00f3 la carrera de\u00a0Ingenier\u00eda en Industrias Alimentarias\u00a0en el\u00a0Instituto Tecnol\u00f3gico y de Estudios Superiores de Monterrey. Cuenta con la\u00a0Maestr\u00eda en Administraci\u00f3n\u00a0con\u00a0Especialidad en Recursos Humanos\u00a0en la misma instituci\u00f3n. Durante 4 a\u00f1os fue profesor de c\u00e1tedra en el Departamento de Tecnolog\u00eda de Alimentos en el\u00a0ITESM,\u00a0Campus Monterrey, as\u00ed como en el Departamento de Mercadotecnia [&hellip;]<\/p>\n","protected":false},"author":1,"featured_media":0,"parent":0,"menu_order":0,"comment_status":"closed","ping_status":"closed","template":"","meta":{"_et_pb_use_builder":"on","_et_pb_old_content":"","_et_gb_content_width":"","footnotes":""},"class_list":["post-1280","page","type-page","status-publish","hentry"],"yoast_head":"<!-- This site is optimized with the Yoast SEO plugin v25.3.1 - https:\/\/yoast.com\/wordpress\/plugins\/seo\/ -->\n<title>Mario Enrique N\u00fa\u00f1ez Banuet Corzo - FSI<\/title>\n<meta name=\"robots\" content=\"index, follow, max-snippet:-1, max-image-preview:large, max-video-preview:-1\" \/>\n<link rel=\"canonical\" href=\"https:\/\/www.ideafoodsafetyinnovation.com\/sitio\/mario-enrique-nunez-banuet-corzo\/\" \/>\n<meta property=\"og:locale\" content=\"es_ES\" \/>\n<meta property=\"og:type\" content=\"article\" \/>\n<meta property=\"og:title\" content=\"Mario Enrique N\u00fa\u00f1ez Banuet Corzo - FSI\" \/>\n<meta property=\"og:description\" content=\"InstructoresMario Enrique Nu\u00f1ez Banuet Corzo Estudi\u00f3 la carrera de\u00a0Ingenier\u00eda en Industrias Alimentarias\u00a0en el\u00a0Instituto Tecnol\u00f3gico y de Estudios Superiores de Monterrey. Cuenta con la\u00a0Maestr\u00eda en Administraci\u00f3n\u00a0con\u00a0Especialidad en Recursos Humanos\u00a0en la misma instituci\u00f3n. Durante 4 a\u00f1os fue profesor de c\u00e1tedra en el Departamento de Tecnolog\u00eda de Alimentos en el\u00a0ITESM,\u00a0Campus Monterrey, as\u00ed como en el Departamento de Mercadotecnia [&hellip;]\" \/>\n<meta property=\"og:url\" content=\"https:\/\/www.ideafoodsafetyinnovation.com\/sitio\/mario-enrique-nunez-banuet-corzo\/\" \/>\n<meta property=\"og:site_name\" content=\"FSI\" \/>\n<meta property=\"article:modified_time\" content=\"2020-11-04T17:34:47+00:00\" \/>\n<meta name=\"twitter:card\" content=\"summary_large_image\" \/>\n<meta name=\"twitter:label1\" content=\"Tiempo de lectura\" \/>\n\t<meta name=\"twitter:data1\" content=\"4 minutos\" \/>\n<script type=\"application\/ld+json\" class=\"yoast-schema-graph\">{\"@context\":\"https:\/\/schema.org\",\"@graph\":[{\"@type\":\"WebPage\",\"@id\":\"https:\/\/www.ideafoodsafetyinnovation.com\/sitio\/mario-enrique-nunez-banuet-corzo\/\",\"url\":\"https:\/\/www.ideafoodsafetyinnovation.com\/sitio\/mario-enrique-nunez-banuet-corzo\/\",\"name\":\"Mario Enrique N\u00fa\u00f1ez Banuet Corzo - FSI\",\"isPartOf\":{\"@id\":\"https:\/\/www.ideafoodsafetyinnovation.com\/sitio\/#website\"},\"datePublished\":\"2020-11-04T17:31:53+00:00\",\"dateModified\":\"2020-11-04T17:34:47+00:00\",\"breadcrumb\":{\"@id\":\"https:\/\/www.ideafoodsafetyinnovation.com\/sitio\/mario-enrique-nunez-banuet-corzo\/#breadcrumb\"},\"inLanguage\":\"es\",\"potentialAction\":[{\"@type\":\"ReadAction\",\"target\":[\"https:\/\/www.ideafoodsafetyinnovation.com\/sitio\/mario-enrique-nunez-banuet-corzo\/\"]}]},{\"@type\":\"BreadcrumbList\",\"@id\":\"https:\/\/www.ideafoodsafetyinnovation.com\/sitio\/mario-enrique-nunez-banuet-corzo\/#breadcrumb\",\"itemListElement\":[{\"@type\":\"ListItem\",\"position\":1,\"name\":\"Portada\",\"item\":\"https:\/\/www.ideafoodsafetyinnovation.com\/sitio\/\"},{\"@type\":\"ListItem\",\"position\":2,\"name\":\"Mario Enrique N\u00fa\u00f1ez Banuet Corzo\"}]},{\"@type\":\"WebSite\",\"@id\":\"https:\/\/www.ideafoodsafetyinnovation.com\/sitio\/#website\",\"url\":\"https:\/\/www.ideafoodsafetyinnovation.com\/sitio\/\",\"name\":\"FSI\",\"description\":\"Cursos\",\"potentialAction\":[{\"@type\":\"SearchAction\",\"target\":{\"@type\":\"EntryPoint\",\"urlTemplate\":\"https:\/\/www.ideafoodsafetyinnovation.com\/sitio\/?s={search_term_string}\"},\"query-input\":{\"@type\":\"PropertyValueSpecification\",\"valueRequired\":true,\"valueName\":\"search_term_string\"}}],\"inLanguage\":\"es\"}]}<\/script>\n<!-- \/ Yoast SEO plugin. -->","yoast_head_json":{"title":"Mario Enrique N\u00fa\u00f1ez Banuet Corzo - FSI","robots":{"index":"index","follow":"follow","max-snippet":"max-snippet:-1","max-image-preview":"max-image-preview:large","max-video-preview":"max-video-preview:-1"},"canonical":"https:\/\/www.ideafoodsafetyinnovation.com\/sitio\/mario-enrique-nunez-banuet-corzo\/","og_locale":"es_ES","og_type":"article","og_title":"Mario Enrique N\u00fa\u00f1ez Banuet Corzo - FSI","og_description":"InstructoresMario Enrique Nu\u00f1ez Banuet Corzo Estudi\u00f3 la carrera de\u00a0Ingenier\u00eda en Industrias Alimentarias\u00a0en el\u00a0Instituto Tecnol\u00f3gico y de Estudios Superiores de Monterrey. Cuenta con la\u00a0Maestr\u00eda en Administraci\u00f3n\u00a0con\u00a0Especialidad en Recursos Humanos\u00a0en la misma instituci\u00f3n. Durante 4 a\u00f1os fue profesor de c\u00e1tedra en el Departamento de Tecnolog\u00eda de Alimentos en el\u00a0ITESM,\u00a0Campus Monterrey, as\u00ed como en el Departamento de Mercadotecnia [&hellip;]","og_url":"https:\/\/www.ideafoodsafetyinnovation.com\/sitio\/mario-enrique-nunez-banuet-corzo\/","og_site_name":"FSI","article_modified_time":"2020-11-04T17:34:47+00:00","twitter_card":"summary_large_image","twitter_misc":{"Tiempo de lectura":"4 minutos"},"schema":{"@context":"https:\/\/schema.org","@graph":[{"@type":"WebPage","@id":"https:\/\/www.ideafoodsafetyinnovation.com\/sitio\/mario-enrique-nunez-banuet-corzo\/","url":"https:\/\/www.ideafoodsafetyinnovation.com\/sitio\/mario-enrique-nunez-banuet-corzo\/","name":"Mario Enrique N\u00fa\u00f1ez Banuet Corzo - FSI","isPartOf":{"@id":"https:\/\/www.ideafoodsafetyinnovation.com\/sitio\/#website"},"datePublished":"2020-11-04T17:31:53+00:00","dateModified":"2020-11-04T17:34:47+00:00","breadcrumb":{"@id":"https:\/\/www.ideafoodsafetyinnovation.com\/sitio\/mario-enrique-nunez-banuet-corzo\/#breadcrumb"},"inLanguage":"es","potentialAction":[{"@type":"ReadAction","target":["https:\/\/www.ideafoodsafetyinnovation.com\/sitio\/mario-enrique-nunez-banuet-corzo\/"]}]},{"@type":"BreadcrumbList","@id":"https:\/\/www.ideafoodsafetyinnovation.com\/sitio\/mario-enrique-nunez-banuet-corzo\/#breadcrumb","itemListElement":[{"@type":"ListItem","position":1,"name":"Portada","item":"https:\/\/www.ideafoodsafetyinnovation.com\/sitio\/"},{"@type":"ListItem","position":2,"name":"Mario Enrique N\u00fa\u00f1ez Banuet Corzo"}]},{"@type":"WebSite","@id":"https:\/\/www.ideafoodsafetyinnovation.com\/sitio\/#website","url":"https:\/\/www.ideafoodsafetyinnovation.com\/sitio\/","name":"FSI","description":"Cursos","potentialAction":[{"@type":"SearchAction","target":{"@type":"EntryPoint","urlTemplate":"https:\/\/www.ideafoodsafetyinnovation.com\/sitio\/?s={search_term_string}"},"query-input":{"@type":"PropertyValueSpecification","valueRequired":true,"valueName":"search_term_string"}}],"inLanguage":"es"}]}},"_links":{"self":[{"href":"http:\/\/www.ideafoodsafetyinnovation.com\/sitio\/wp-json\/wp\/v2\/pages\/1280","targetHints":{"allow":["GET"]}}],"collection":[{"href":"http:\/\/www.ideafoodsafetyinnovation.com\/sitio\/wp-json\/wp\/v2\/pages"}],"about":[{"href":"http:\/\/www.ideafoodsafetyinnovation.com\/sitio\/wp-json\/wp\/v2\/types\/page"}],"author":[{"embeddable":true,"href":"http:\/\/www.ideafoodsafetyinnovation.com\/sitio\/wp-json\/wp\/v2\/users\/1"}],"replies":[{"embeddable":true,"href":"http:\/\/www.ideafoodsafetyinnovation.com\/sitio\/wp-json\/wp\/v2\/comments?post=1280"}],"version-history":[{"count":2,"href":"http:\/\/www.ideafoodsafetyinnovation.com\/sitio\/wp-json\/wp\/v2\/pages\/1280\/revisions"}],"predecessor-version":[{"id":1283,"href":"http:\/\/www.ideafoodsafetyinnovation.com\/sitio\/wp-json\/wp\/v2\/pages\/1280\/revisions\/1283"}],"wp:attachment":[{"href":"http:\/\/www.ideafoodsafetyinnovation.com\/sitio\/wp-json\/wp\/v2\/media?parent=1280"}],"curies":[{"name":"wp","href":"https:\/\/api.w.org\/{rel}","templated":true}]}}