{"id":1285,"date":"2020-11-04T12:37:04","date_gmt":"2020-11-04T17:37:04","guid":{"rendered":"http:\/\/www.portalmedia.com.mx\/fsi\/?page_id=1285"},"modified":"2020-11-04T12:39:37","modified_gmt":"2020-11-04T17:39:37","slug":"alejandra-gonzalez-olguin","status":"publish","type":"page","link":"http:\/\/www.ideafoodsafetyinnovation.com\/sitio\/alejandra-gonzalez-olguin\/","title":{"rendered":"Alejandra Gonz\u00e1lez Olgu\u00edn"},"content":{"rendered":"<p>[et_pb_section fb_built=\u00bb1&#8243; custom_padding_last_edited=\u00bbon|phone\u00bb admin_label=\u00bbHero\u00bb _builder_version=\u00bb4.6.6&#8243; use_background_color_gradient=\u00bbon\u00bb background_color_gradient_start=\u00bbrgba(0,0,0,0.4)\u00bb background_color_gradient_end=\u00bbrgba(0,0,0,0.5)\u00bb background_color_gradient_overlays_image=\u00bbon\u00bb background_image=\u00bbhttp:\/\/www.ideafoodsafetyinnovation.com\/sitio\/\/wp-content\/uploads\/2020\/10\/banner1.jpg\u00bb background_position=\u00bbbottom_right\u00bb custom_margin=\u00bb|5vw||\u00bb custom_padding=\u00bb2vw||2vw||true|false\u00bb custom_padding_tablet=\u00bb100px||100px|\u00bb custom_padding_phone=\u00bb|||\u00bb animation_style=\u00bbslide\u00bb animation_direction=\u00bbleft\u00bb animation_intensity_slide=\u00bb5%\u00bb border_radii=\u00bb|||30vw|\u00bb border_color_all=\u00bb#0ee1f4&#8243; border_width_right=\u00bb2vw\u00bb border_color_right=\u00bb#7f3078&#8243; box_shadow_style=\u00bbpreset4&#8243; box_shadow_horizontal=\u00bb20px\u00bb box_shadow_vertical=\u00bb0px\u00bb box_shadow_color=\u00bbrgba(127,48,120,0.86)\u00bb][et_pb_row _builder_version=\u00bb4.5.7&#8243; custom_padding=\u00bb0|0px|27px|0px\u00bb][et_pb_column type=\u00bb4_4&#8243; _builder_version=\u00bb3.25&#8243; custom_padding=\u00bb|||\u00bb custom_padding__hover=\u00bb|||\u00bb][et_pb_text admin_label=\u00bbText\u00bb _builder_version=\u00bb4.6.5&#8243; text_font=\u00bbMontserrat|300|||||||\u00bb text_font_size=\u00bb22px\u00bb text_line_height=\u00bb1.8em\u00bb ul_font=\u00bb||||||||\u00bb header_font=\u00bbMontserrat|||on|||||\u00bb header_font_size=\u00bb40px\u00bb header_line_height=\u00bb1.2em\u00bb text_orientation=\u00bbcenter\u00bb background_layout=\u00bbdark\u00bb module_alignment=\u00bbcenter\u00bb custom_padding=\u00bb20px||||false|false\u00bb text_line_height_tablet=\u00bb2em\u00bb text_line_height_phone=\u00bb2em\u00bb text_line_height_last_edited=\u00bboff|desktop\u00bb header_font_size_tablet=\u00bb40px\u00bb header_font_size_phone=\u00bb\u00bb header_font_size_last_edited=\u00bbon|tablet\u00bb header_line_height_tablet=\u00bb1.2em\u00bb header_line_height_phone=\u00bb1.1em\u00bb header_line_height_last_edited=\u00bbon|phone\u00bb header_text_shadow_style=\u00bbpreset3&#8243; header_text_shadow_color=\u00bbrgba(0,0,0,0.06)\u00bb]<\/p>\n<h1>Instructores<\/h1>\n<p>[\/et_pb_text][\/et_pb_column][\/et_pb_row][\/et_pb_section][et_pb_section fb_built=\u00bb1&#8243; admin_label=\u00bbWhy Us\u00bb _builder_version=\u00bb4.5.7&#8243; background_enable_image=\u00bboff\u00bb background_position=\u00bbtop_center\u00bb custom_padding=\u00bb70px|0px|30px|0px|false|false\u00bb][et_pb_row _builder_version=\u00bb4.5.7&#8243; custom_margin=\u00bb||0px||false|false\u00bb custom_margin_tablet=\u00bb||0px|\u00bb custom_margin_last_edited=\u00bboff|desktop\u00bb custom_padding=\u00bb||0px||false|false\u00bb use_custom_width=\u00bbon\u00bb width_unit=\u00bboff\u00bb custom_width_percent=\u00bb100%\u00bb][et_pb_column type=\u00bb4_4&#8243; _builder_version=\u00bb4.5.7&#8243; custom_padding_tablet=\u00bb0px|50px|50px|50px\u00bb custom_padding_last_edited=\u00bboff|desktop\u00bb padding_tablet=\u00bb0px|50px|50px|50px\u00bb padding_last_edited=\u00bbon|desktop\u00bb custom_padding__hover=\u00bb|||\u00bb][et_pb_text _builder_version=\u00bb4.6.6&#8243; text_font=\u00bbMontserrat|300|||||||\u00bb text_font_size=\u00bb16px\u00bb text_line_height=\u00bb1.8em\u00bb header_font=\u00bb||||||||\u00bb header_2_font=\u00bbMontserrat||||||||\u00bb header_2_text_align=\u00bbleft\u00bb header_2_font_size=\u00bb30px\u00bb header_2_line_height=\u00bb1.5em\u00bb max_width=\u00bb600px\u00bb custom_margin=\u00bb||0px||false|false\u00bb custom_margin_tablet=\u00bb0px|50px||50px\u00bb custom_margin_last_edited=\u00bboff|desktop\u00bb hover_enabled=\u00bb0&#8243; header_2_font_size_tablet=\u00bb\u00bb header_2_font_size_phone=\u00bb30px\u00bb header_2_font_size_last_edited=\u00bbon|phone\u00bb sticky_enabled=\u00bb0&#8243;]<\/p>\n<h2>Alejandra Gonz\u00e1lez Olgu\u00edn<\/h2>\n<p>[\/et_pb_text][et_pb_divider divider_weight=\u00bb5px\u00bb _builder_version=\u00bb4.5.7&#8243; custom_margin=\u00bb||10px||false|false\u00bb custom_padding=\u00bb10px||||false|false\u00bb][\/et_pb_divider][\/et_pb_column][\/et_pb_row][et_pb_row column_structure=\u00bb1_3,2_3&#8243; use_custom_gutter=\u00bbon\u00bb _builder_version=\u00bb4.6.5&#8243; _module_preset=\u00bbdefault\u00bb][et_pb_column type=\u00bb1_3&#8243; _builder_version=\u00bb4.6.5&#8243; _module_preset=\u00bbdefault\u00bb][et_pb_image src=\u00bbhttp:\/\/www.ideafoodsafetyinnovation.com\/sitio\/\/wp-content\/uploads\/2020\/11\/ale.jpg\u00bb title_text=\u00bbale\u00bb align=\u00bbcenter\u00bb _builder_version=\u00bb4.6.6&#8243; _module_preset=\u00bbdefault\u00bb hover_enabled=\u00bb0&#8243; sticky_enabled=\u00bb0&#8243;][\/et_pb_image][\/et_pb_column][et_pb_column type=\u00bb2_3&#8243; _builder_version=\u00bb4.6.5&#8243; _module_preset=\u00bbdefault\u00bb][et_pb_text _builder_version=\u00bb4.6.6&#8243; _module_preset=\u00bbdefault\u00bb text_font=\u00bbMontserrat||||||||\u00bb header_text_align=\u00bbjustify\u00bb hover_enabled=\u00bb0&#8243; sticky_enabled=\u00bb0&#8243;]<\/p>\n<p>Estudi\u00f3 la carrera de<span>\u00a0<\/span><strong>Qu\u00edmico Bacteri\u00f3logo Parasit\u00f3logo<\/strong><span>\u00a0<\/span>en la<span>\u00a0<\/span><strong>Facultad de Ciencias Biol\u00f3gicas<\/strong><span>\u00a0<\/span>de la<span>\u00a0<\/span><strong>Universidad Aut\u00f3noma de Nuevo Le\u00f3n<\/strong>.<\/p>\n<p>Su desarrollo profesional se ha enfocado en la Industria de Alimentos en el \u00e1rea de Control de Calidad y Microbiolog\u00eda, desarroll\u00e1ndose principalmente como auditor de Inocuidad e instructora de Buenas Pr\u00e1cticas de Manufactura.<\/p>\n<p><span>Como parte de su desarrollo profesional ha participado en diversos cursos como\u00a0<\/span><strong>\u201cInducci\u00f3n e implementaci\u00f3n en HACCP\u201d<\/strong><span>,\u00a0<\/span><strong>TUV SUD Am\u00e9rica S.A. de C.V.<\/strong><span>, seminario de\u00a0<\/span><strong>\u201cCapacitaci\u00f3n Sanitaria para Supervisores de Higiene\u201d<\/strong><span>,\u00a0<\/span><strong>Grupo Diken de M\u00e9xico<\/strong><span>,\u00a0<\/span><strong>\u201cDiagn\u00f3stico Microbiol\u00f3gico Moderno\u201d<\/strong><span>,\u00a0<\/span><strong>Facultad de Ciencias Biol\u00f3gicas, UANL<\/strong><span>;<\/span><\/p>\n<p>[\/et_pb_text][\/et_pb_column][\/et_pb_row][et_pb_row _builder_version=\u00bb4.6.6&#8243; _module_preset=\u00bbdefault\u00bb custom_padding=\u00bb0px|||||\u00bb][et_pb_column type=\u00bb4_4&#8243; _builder_version=\u00bb4.6.6&#8243; _module_preset=\u00bbdefault\u00bb][et_pb_text _builder_version=\u00bb4.6.6&#8243; _module_preset=\u00bbdefault\u00bb text_font=\u00bbMontserrat||||||||\u00bb header_text_align=\u00bbjustify\u00bb hover_enabled=\u00bb0&#8243; sticky_enabled=\u00bb0&#8243;]<\/p>\n<p>curso te\u00f3rico-pr\u00e1ctico<span>\u00a0<\/span><strong>\u201cDetecci\u00f3n de pat\u00f3genos en muestras alimenticias con m\u00e9todos cromog\u00e9nicos\u201d<\/strong>,<span>\u00a0<\/span><strong>\u201cAn\u00e1lisis de Riesgos y Puntos Cr\u00edticos de Control (HACCP)\u201d<\/strong><span>\u00a0<\/span>certificado por la International<span>\u00a0<\/span><strong>HACCP Alliance<\/strong>.<\/p>\n<p>Adem\u00e1s ha participado en cursos enfocados al tema defensa alimentaria como son los cursos de Food Safety Preventive Controls Alliance FSPCA \u00a0\u201c<strong>Intentional Adulteration Food Defense Plan Preparation and Reanalysis<\/strong>\u201d, \u201c<span>\u00a0<\/span><strong>Intentional Adulteration Conducting Vulnerability Assessments using Key Activity Types<\/strong>\u201d y \u201c<strong>Food Defense Awarness<\/strong>\u201d, as\u00ed como cursos enfocados al tema de fraude alimentario \u201c<strong>Food Fraud Prevention Programs<\/strong>\u201d.<\/p>\n<p>[\/et_pb_text][\/et_pb_column][\/et_pb_row][\/et_pb_section]<\/p>\n","protected":false},"excerpt":{"rendered":"<p>InstructoresAlejandra Gonz\u00e1lez Olgu\u00edn Estudi\u00f3 la carrera de\u00a0Qu\u00edmico Bacteri\u00f3logo Parasit\u00f3logo\u00a0en la\u00a0Facultad de Ciencias Biol\u00f3gicas\u00a0de la\u00a0Universidad Aut\u00f3noma de Nuevo Le\u00f3n. Su desarrollo profesional se ha enfocado en la Industria de Alimentos en el \u00e1rea de Control de Calidad y Microbiolog\u00eda, desarroll\u00e1ndose principalmente como auditor de Inocuidad e instructora de Buenas Pr\u00e1cticas de Manufactura. Como parte de su [&hellip;]<\/p>\n","protected":false},"author":1,"featured_media":0,"parent":0,"menu_order":0,"comment_status":"closed","ping_status":"closed","template":"","meta":{"_et_pb_use_builder":"on","_et_pb_old_content":"","_et_gb_content_width":"","footnotes":""},"class_list":["post-1285","page","type-page","status-publish","hentry"],"yoast_head":"<!-- This site is optimized with the Yoast SEO plugin v25.3.1 - https:\/\/yoast.com\/wordpress\/plugins\/seo\/ -->\n<title>Alejandra Gonz\u00e1lez Olgu\u00edn - FSI<\/title>\n<meta name=\"robots\" content=\"index, follow, max-snippet:-1, max-image-preview:large, max-video-preview:-1\" \/>\n<link rel=\"canonical\" href=\"https:\/\/www.ideafoodsafetyinnovation.com\/sitio\/alejandra-gonzalez-olguin\/\" \/>\n<meta property=\"og:locale\" content=\"es_ES\" \/>\n<meta property=\"og:type\" content=\"article\" \/>\n<meta property=\"og:title\" content=\"Alejandra Gonz\u00e1lez Olgu\u00edn - FSI\" \/>\n<meta property=\"og:description\" content=\"InstructoresAlejandra Gonz\u00e1lez Olgu\u00edn Estudi\u00f3 la carrera de\u00a0Qu\u00edmico Bacteri\u00f3logo Parasit\u00f3logo\u00a0en la\u00a0Facultad de Ciencias Biol\u00f3gicas\u00a0de la\u00a0Universidad Aut\u00f3noma de Nuevo Le\u00f3n. Su desarrollo profesional se ha enfocado en la Industria de Alimentos en el \u00e1rea de Control de Calidad y Microbiolog\u00eda, desarroll\u00e1ndose principalmente como auditor de Inocuidad e instructora de Buenas Pr\u00e1cticas de Manufactura. Como parte de su [&hellip;]\" \/>\n<meta property=\"og:url\" content=\"https:\/\/www.ideafoodsafetyinnovation.com\/sitio\/alejandra-gonzalez-olguin\/\" \/>\n<meta property=\"og:site_name\" content=\"FSI\" \/>\n<meta property=\"article:modified_time\" content=\"2020-11-04T17:39:37+00:00\" \/>\n<meta name=\"twitter:card\" content=\"summary_large_image\" \/>\n<meta name=\"twitter:label1\" content=\"Tiempo de lectura\" \/>\n\t<meta name=\"twitter:data1\" content=\"4 minutos\" \/>\n<script type=\"application\/ld+json\" class=\"yoast-schema-graph\">{\"@context\":\"https:\/\/schema.org\",\"@graph\":[{\"@type\":\"WebPage\",\"@id\":\"https:\/\/www.ideafoodsafetyinnovation.com\/sitio\/alejandra-gonzalez-olguin\/\",\"url\":\"https:\/\/www.ideafoodsafetyinnovation.com\/sitio\/alejandra-gonzalez-olguin\/\",\"name\":\"Alejandra Gonz\u00e1lez Olgu\u00edn - FSI\",\"isPartOf\":{\"@id\":\"https:\/\/www.ideafoodsafetyinnovation.com\/sitio\/#website\"},\"datePublished\":\"2020-11-04T17:37:04+00:00\",\"dateModified\":\"2020-11-04T17:39:37+00:00\",\"breadcrumb\":{\"@id\":\"https:\/\/www.ideafoodsafetyinnovation.com\/sitio\/alejandra-gonzalez-olguin\/#breadcrumb\"},\"inLanguage\":\"es\",\"potentialAction\":[{\"@type\":\"ReadAction\",\"target\":[\"https:\/\/www.ideafoodsafetyinnovation.com\/sitio\/alejandra-gonzalez-olguin\/\"]}]},{\"@type\":\"BreadcrumbList\",\"@id\":\"https:\/\/www.ideafoodsafetyinnovation.com\/sitio\/alejandra-gonzalez-olguin\/#breadcrumb\",\"itemListElement\":[{\"@type\":\"ListItem\",\"position\":1,\"name\":\"Portada\",\"item\":\"https:\/\/www.ideafoodsafetyinnovation.com\/sitio\/\"},{\"@type\":\"ListItem\",\"position\":2,\"name\":\"Alejandra Gonz\u00e1lez Olgu\u00edn\"}]},{\"@type\":\"WebSite\",\"@id\":\"https:\/\/www.ideafoodsafetyinnovation.com\/sitio\/#website\",\"url\":\"https:\/\/www.ideafoodsafetyinnovation.com\/sitio\/\",\"name\":\"FSI\",\"description\":\"Cursos\",\"potentialAction\":[{\"@type\":\"SearchAction\",\"target\":{\"@type\":\"EntryPoint\",\"urlTemplate\":\"https:\/\/www.ideafoodsafetyinnovation.com\/sitio\/?s={search_term_string}\"},\"query-input\":{\"@type\":\"PropertyValueSpecification\",\"valueRequired\":true,\"valueName\":\"search_term_string\"}}],\"inLanguage\":\"es\"}]}<\/script>\n<!-- \/ Yoast SEO plugin. -->","yoast_head_json":{"title":"Alejandra Gonz\u00e1lez Olgu\u00edn - FSI","robots":{"index":"index","follow":"follow","max-snippet":"max-snippet:-1","max-image-preview":"max-image-preview:large","max-video-preview":"max-video-preview:-1"},"canonical":"https:\/\/www.ideafoodsafetyinnovation.com\/sitio\/alejandra-gonzalez-olguin\/","og_locale":"es_ES","og_type":"article","og_title":"Alejandra Gonz\u00e1lez Olgu\u00edn - FSI","og_description":"InstructoresAlejandra Gonz\u00e1lez Olgu\u00edn Estudi\u00f3 la carrera de\u00a0Qu\u00edmico Bacteri\u00f3logo Parasit\u00f3logo\u00a0en la\u00a0Facultad de Ciencias Biol\u00f3gicas\u00a0de la\u00a0Universidad Aut\u00f3noma de Nuevo Le\u00f3n. Su desarrollo profesional se ha enfocado en la Industria de Alimentos en el \u00e1rea de Control de Calidad y Microbiolog\u00eda, desarroll\u00e1ndose principalmente como auditor de Inocuidad e instructora de Buenas Pr\u00e1cticas de Manufactura. Como parte de su [&hellip;]","og_url":"https:\/\/www.ideafoodsafetyinnovation.com\/sitio\/alejandra-gonzalez-olguin\/","og_site_name":"FSI","article_modified_time":"2020-11-04T17:39:37+00:00","twitter_card":"summary_large_image","twitter_misc":{"Tiempo de lectura":"4 minutos"},"schema":{"@context":"https:\/\/schema.org","@graph":[{"@type":"WebPage","@id":"https:\/\/www.ideafoodsafetyinnovation.com\/sitio\/alejandra-gonzalez-olguin\/","url":"https:\/\/www.ideafoodsafetyinnovation.com\/sitio\/alejandra-gonzalez-olguin\/","name":"Alejandra Gonz\u00e1lez Olgu\u00edn - FSI","isPartOf":{"@id":"https:\/\/www.ideafoodsafetyinnovation.com\/sitio\/#website"},"datePublished":"2020-11-04T17:37:04+00:00","dateModified":"2020-11-04T17:39:37+00:00","breadcrumb":{"@id":"https:\/\/www.ideafoodsafetyinnovation.com\/sitio\/alejandra-gonzalez-olguin\/#breadcrumb"},"inLanguage":"es","potentialAction":[{"@type":"ReadAction","target":["https:\/\/www.ideafoodsafetyinnovation.com\/sitio\/alejandra-gonzalez-olguin\/"]}]},{"@type":"BreadcrumbList","@id":"https:\/\/www.ideafoodsafetyinnovation.com\/sitio\/alejandra-gonzalez-olguin\/#breadcrumb","itemListElement":[{"@type":"ListItem","position":1,"name":"Portada","item":"https:\/\/www.ideafoodsafetyinnovation.com\/sitio\/"},{"@type":"ListItem","position":2,"name":"Alejandra Gonz\u00e1lez Olgu\u00edn"}]},{"@type":"WebSite","@id":"https:\/\/www.ideafoodsafetyinnovation.com\/sitio\/#website","url":"https:\/\/www.ideafoodsafetyinnovation.com\/sitio\/","name":"FSI","description":"Cursos","potentialAction":[{"@type":"SearchAction","target":{"@type":"EntryPoint","urlTemplate":"https:\/\/www.ideafoodsafetyinnovation.com\/sitio\/?s={search_term_string}"},"query-input":{"@type":"PropertyValueSpecification","valueRequired":true,"valueName":"search_term_string"}}],"inLanguage":"es"}]}},"_links":{"self":[{"href":"http:\/\/www.ideafoodsafetyinnovation.com\/sitio\/wp-json\/wp\/v2\/pages\/1285","targetHints":{"allow":["GET"]}}],"collection":[{"href":"http:\/\/www.ideafoodsafetyinnovation.com\/sitio\/wp-json\/wp\/v2\/pages"}],"about":[{"href":"http:\/\/www.ideafoodsafetyinnovation.com\/sitio\/wp-json\/wp\/v2\/types\/page"}],"author":[{"embeddable":true,"href":"http:\/\/www.ideafoodsafetyinnovation.com\/sitio\/wp-json\/wp\/v2\/users\/1"}],"replies":[{"embeddable":true,"href":"http:\/\/www.ideafoodsafetyinnovation.com\/sitio\/wp-json\/wp\/v2\/comments?post=1285"}],"version-history":[{"count":2,"href":"http:\/\/www.ideafoodsafetyinnovation.com\/sitio\/wp-json\/wp\/v2\/pages\/1285\/revisions"}],"predecessor-version":[{"id":1288,"href":"http:\/\/www.ideafoodsafetyinnovation.com\/sitio\/wp-json\/wp\/v2\/pages\/1285\/revisions\/1288"}],"wp:attachment":[{"href":"http:\/\/www.ideafoodsafetyinnovation.com\/sitio\/wp-json\/wp\/v2\/media?parent=1285"}],"curies":[{"name":"wp","href":"https:\/\/api.w.org\/{rel}","templated":true}]}}