{"id":198,"date":"2020-07-10T10:19:44","date_gmt":"2020-07-10T15:19:44","guid":{"rendered":"http:\/\/www.portalmedia.com.mx\/fsi\/?page_id=198"},"modified":"2022-11-14T16:20:29","modified_gmt":"2022-11-14T22:20:29","slug":"certificados-y-reconocimientos","status":"publish","type":"page","link":"http:\/\/www.ideafoodsafetyinnovation.com\/sitio\/certificados-y-reconocimientos\/","title":{"rendered":"Certificados y reconocimientos"},"content":{"rendered":"<p>[et_pb_section fb_built=\u00bb1&#8243; custom_padding_last_edited=\u00bbon|phone\u00bb admin_label=\u00bbHero\u00bb _builder_version=\u00bb4.16&#8243; use_background_color_gradient=\u00bbon\u00bb background_color_gradient_stops=\u00bbrgba(0,0,0,0.16) 0%|rgba(0,0,0,0.27) 100%\u00bb background_color_gradient_overlays_image=\u00bbon\u00bb background_color_gradient_start=\u00bbrgba(0,0,0,0.16)\u00bb background_color_gradient_end=\u00bbrgba(0,0,0,0.27)\u00bb background_image=\u00bbhttp:\/\/www.ideafoodsafetyinnovation.com\/sitio\/\/wp-content\/uploads\/2020\/10\/banner3.jpg\u00bb custom_margin=\u00bb|5vw||\u00bb custom_padding=\u00bb4vw||4vw||true|false\u00bb custom_padding_tablet=\u00bb100px||100px|\u00bb custom_padding_phone=\u00bb|||\u00bb animation_style=\u00bbslide\u00bb animation_direction=\u00bbleft\u00bb animation_intensity_slide=\u00bb5%\u00bb border_radii=\u00bb|||30vw|\u00bb border_color_all=\u00bb#0ee1f4&#8243; border_width_right=\u00bb2vw\u00bb border_color_right=\u00bb#7f3078&#8243; box_shadow_style=\u00bbpreset4&#8243; box_shadow_horizontal=\u00bb20px\u00bb box_shadow_vertical=\u00bb0px\u00bb box_shadow_color=\u00bbrgba(127,48,120,0.86)\u00bb global_colors_info=\u00bb{}\u00bb][et_pb_row _builder_version=\u00bb4.16&#8243; _module_preset=\u00bbdefault\u00bb global_colors_info=\u00bb{}\u00bb][et_pb_column type=\u00bb4_4&#8243; _builder_version=\u00bb4.16&#8243; _module_preset=\u00bbdefault\u00bb global_colors_info=\u00bb{}\u00bb][et_pb_text _builder_version=\u00bb4.16&#8243; _module_preset=\u00bbdefault\u00bb header_font=\u00bbMontserrat|||on|||||\u00bb header_text_align=\u00bbcenter\u00bb header_text_color=\u00bb#ffffff\u00bb header_font_size=\u00bb40px\u00bb header_line_height=\u00bb1.2em\u00bb global_colors_info=\u00bb{}\u00bb]<\/p>\n<h1>Otros servicios\u00a0<\/h1>\n<p>[\/et_pb_text][\/et_pb_column][\/et_pb_row][\/et_pb_section][et_pb_section fb_built=\u00bb1&#8243; admin_label=\u00bbOur Mission\u00bb _builder_version=\u00bb4.16&#8243; custom_margin=\u00bb0px||0px||true|false\u00bb custom_padding=\u00bb0px||0px||true|false\u00bb locked=\u00bboff\u00bb global_colors_info=\u00bb{}\u00bb][et_pb_row column_structure=\u00bb1_2,1_2&#8243; _builder_version=\u00bb4.16&#8243; custom_margin=\u00bb|||\u00bb custom_margin_tablet=\u00bb||0px|\u00bb custom_margin_last_edited=\u00bboff|desktop\u00bb custom_padding=\u00bb|||\u00bb use_custom_width=\u00bbon\u00bb width_unit=\u00bboff\u00bb custom_width_percent=\u00bb100%\u00bb global_colors_info=\u00bb{}\u00bb][et_pb_column type=\u00bb1_2&#8243; _builder_version=\u00bb4.16&#8243; custom_padding_tablet=\u00bb0px|50px|50px|50px\u00bb custom_padding_phone=\u00bb|0px||0px|false|true\u00bb custom_padding_last_edited=\u00bbon|desktop\u00bb global_colors_info=\u00bb{}\u00bb padding_tablet=\u00bb0px|50px|50px|50px\u00bb padding_last_edited=\u00bbon|desktop\u00bb custom_padding__hover=\u00bb|||\u00bb padding_phone=\u00bb0px|50px|50px|50px\u00bb][et_pb_blurb image=\u00bbhttp:\/\/www.ideafoodsafetyinnovation.com\/sitio\/\/wp-content\/uploads\/2020\/10\/imagen-web-modalidades-Examen-de-certificacion-07.png\u00bb icon_placement=\u00bbleft\u00bb image_icon_width=\u00bb66px\u00bb _builder_version=\u00bb4.16&#8243; _module_preset=\u00bbdefault\u00bb header_font=\u00bb|700|||||||\u00bb header_line_height=\u00bb3em\u00bb body_text_color=\u00bb#000000&#8243; body_font_size=\u00bb26px\u00bb body_line_height=\u00bb2.3em\u00bb custom_margin=\u00bb50px||||false|false\u00bb image_max_width=\u00bb66px\u00bb global_colors_info=\u00bb{}\u00bb]<\/p>\n<p>Certificados y reconocimientos<\/p>\n<p>[\/et_pb_blurb][et_pb_divider divider_weight=\u00bb5px\u00bb _builder_version=\u00bb4.16&#8243; custom_margin=\u00bb||10px||false|false\u00bb custom_padding=\u00bb10px||||false|false\u00bb global_colors_info=\u00bb{}\u00bb][\/et_pb_divider][et_pb_text _builder_version=\u00bb4.16&#8243; text_font=\u00bbMontserrat||||||||\u00bb text_orientation=\u00bbjustified\u00bb custom_margin=\u00bb0px||||false|false\u00bb custom_padding=\u00bb0px||||false|false\u00bb global_colors_info=\u00bb{}\u00bb]<\/p>\n<p><strong>IDEA FSI<\/strong> ofrece los siguientes certificados o reconocimientos:<\/p>\n<p>[\/et_pb_text][\/et_pb_column][et_pb_column type=\u00bb1_2&#8243; _builder_version=\u00bb4.16&#8243; custom_padding=\u00bb|||\u00bb global_colors_info=\u00bb{}\u00bb custom_padding__hover=\u00bb|||\u00bb][et_pb_image src=\u00bbhttp:\/\/www.ideafoodsafetyinnovation.com\/sitio\/\/wp-content\/uploads\/2020\/10\/Dimploma-2.jpg\u00bb title_text=\u00bbDimploma-2&#8243; force_fullwidth=\u00bbon\u00bb align_tablet=\u00bbcenter\u00bb align_phone=\u00bb\u00bb align_last_edited=\u00bbon|desktop\u00bb _builder_version=\u00bb4.16&#8243; custom_margin=\u00bb|||\u00bb custom_padding=\u00bb|||\u00bb animation_style=\u00bbslide\u00bb animation_direction=\u00bbright\u00bb animation_intensity_slide=\u00bb5%\u00bb border_radii=\u00bb|30px|||30px\u00bb border_color_all=\u00bb#2f8cff\u00bb border_width_bottom=\u00bb2vw\u00bb border_color_bottom=\u00bb#7f3078&#8243; box_shadow_style=\u00bbpreset3&#8243; box_shadow_vertical=\u00bb30px\u00bb box_shadow_blur=\u00bb80px\u00bb box_shadow_spread=\u00bb-30px\u00bb box_shadow_color=\u00bbrgba(102,141,186,0.7)\u00bb global_colors_info=\u00bb{}\u00bb][\/et_pb_image][\/et_pb_column][\/et_pb_row][\/et_pb_section][et_pb_section fb_built=\u00bb1&#8243; admin_label=\u00bbServices\u00bb _builder_version=\u00bb4.16&#8243; locked=\u00bboff\u00bb global_colors_info=\u00bb{}\u00bb][et_pb_row column_structure=\u00bb1_2,1_2&#8243; admin_label=\u00bbContent Area\u00bb _builder_version=\u00bb4.16&#8243; global_colors_info=\u00bb{}\u00bb][et_pb_column type=\u00bb1_2&#8243; _builder_version=\u00bb4.16&#8243; custom_padding=\u00bb|||\u00bb global_colors_info=\u00bb{}\u00bb custom_padding__hover=\u00bb|||\u00bb][et_pb_blurb title=\u00bbCertificaci\u00f3n personal Profesional en Manejo Higi\u00e9nico de Alimentos por NRFSP\u00bb use_icon=\u00bbon\u00bb font_icon=\u00bb&#x4e;||divi||400&#8243; icon_color=\u00bb#ffffff\u00bb image_icon_background_color=\u00bb#7f3078&#8243; icon_placement=\u00bbleft\u00bb image_icon_width=\u00bb22px\u00bb _builder_version=\u00bb4.16&#8243; header_font=\u00bbMontserrat||||||||\u00bb header_line_height=\u00bb1.3em\u00bb body_font=\u00bbMontserrat||||||||\u00bb body_text_align=\u00bbjustify\u00bb image_icon_custom_padding=\u00bb8px|8px|8px|8px|false|false\u00bb animation_style=\u00bbfade\u00bb animation=\u00bboff\u00bb border_radii_image=\u00bbon|100%|100%|100%|100%\u00bb icon_font_size=\u00bb22px\u00bb use_circle=\u00bbon\u00bb global_colors_info=\u00bb{}\u00bb image_icon_background_color__sticky_enabled=\u00bb#7f3078&#8243; image_icon_background_color__sticky=\u00bb#7f3078&#8243;]<\/p>\n<p>Los ex\u00e1menes del NRFSP est\u00e1n acreditados por el Instituto Americano de Est\u00e1ndares Nacionales (ANSI, por sus siglas en ingl\u00e9s) bajo los est\u00e1ndares de la Asamblea para la Protecci\u00f3n de Alimentos (CFP, por sus siglas en ingl\u00e9s) de los Estados Unidos.\u00a0IDEA FSI est\u00e1 acreditado por el NRFSP para aplicar sus ex\u00e1menes en M\u00e9xico.<\/p>\n<p><a href=\"http:\/\/www.ideafoodsafetyinnovation.com\/sitio\/\/profesional-en-manejo-higienico-de-alimentos-por-nrfsp\/\">M\u00e1s Informaci\u00f3n<\/a>\u00a0\u2192<\/p>\n<p>[\/et_pb_blurb][\/et_pb_column][et_pb_column type=\u00bb1_2&#8243; _builder_version=\u00bb4.16&#8243; custom_padding=\u00bb|||\u00bb global_colors_info=\u00bb{}\u00bb custom_padding__hover=\u00bb|||\u00bb][et_pb_blurb title=\u00bbCertificado de entrenamiento FSPCA como Individuo Calificado en Controles Preventivos (PCQI)\u00bb use_icon=\u00bbon\u00bb font_icon=\u00bb&#x4e;||divi||400&#8243; icon_color=\u00bb#ffffff\u00bb image_icon_background_color=\u00bb#7f3078&#8243; icon_placement=\u00bbleft\u00bb image_icon_width=\u00bb22px\u00bb _builder_version=\u00bb4.16&#8243; header_font=\u00bbMontserrat||||||||\u00bb header_line_height=\u00bb1.3em\u00bb body_font=\u00bbMontserrat||||||||\u00bb body_text_align=\u00bbjustify\u00bb image_icon_custom_padding=\u00bb8px|8px|8px|8px|false|false\u00bb animation_style=\u00bbfade\u00bb animation=\u00bboff\u00bb border_radii_image=\u00bbon|100%|100%|100%|100%\u00bb icon_font_size=\u00bb22px\u00bb use_circle=\u00bbon\u00bb locked=\u00bboff\u00bb global_colors_info=\u00bb{}\u00bb image_icon_background_color__sticky_enabled=\u00bb#7f3078&#8243; image_icon_background_color__sticky=\u00bb#7f3078&#8243;]<\/p>\n<p>El Certificado de entrenamiento de\u00a0Individuo calificado en controles preventivos para alimentos para consumo humano FSPCA\u00a0es otorgado en el curso Controles preventivos para alimentos para consumo humano FSPCA de acuerdo a Ley de Modernizaci\u00f3n de la Inocuidad de los Alimentos(FSMA) de la FDA.<\/p>\n<p><a href=\"http:\/\/www.ideafoodsafetyinnovation.com\/sitio\/\/individuo-calificado-en-controles-preventivos-para-alimentos-para-consumo-humano-fspca\/\">M\u00e1s Informaci\u00f3n<\/a>\u00a0\u2192<\/p>\n<p>[\/et_pb_blurb][\/et_pb_column][\/et_pb_row][et_pb_row column_structure=\u00bb1_2,1_2&#8243; admin_label=\u00bbContent Area\u00bb _builder_version=\u00bb4.16&#8243; global_colors_info=\u00bb{}\u00bb][et_pb_column type=\u00bb1_2&#8243; _builder_version=\u00bb4.16&#8243; custom_padding=\u00bb|||\u00bb global_colors_info=\u00bb{}\u00bb custom_padding__hover=\u00bb|||\u00bb][et_pb_blurb title=\u00bbReconocimiento del curso HACCP B\u00e1sico  por la International HACCP Alliance\u00bb use_icon=\u00bbon\u00bb font_icon=\u00bb&#x4e;||divi||400&#8243; icon_color=\u00bb#ffffff\u00bb image_icon_background_color=\u00bb#7f3078&#8243; icon_placement=\u00bbleft\u00bb image_icon_width=\u00bb22px\u00bb _builder_version=\u00bb4.16&#8243; header_font=\u00bbMontserrat||||||||\u00bb header_line_height=\u00bb1.3em\u00bb body_font=\u00bbMontserrat||||||||\u00bb body_text_align=\u00bbjustify\u00bb image_icon_custom_padding=\u00bb8px|8px|8px|8px|false|false\u00bb animation_style=\u00bbfade\u00bb animation=\u00bboff\u00bb border_radii_image=\u00bbon|100%|100%|100%|100%\u00bb icon_font_size=\u00bb22px\u00bb use_circle=\u00bbon\u00bb global_colors_info=\u00bb{}\u00bb image_icon_background_color__sticky_enabled=\u00bb#7f3078&#8243; image_icon_background_color__sticky=\u00bb#7f3078&#8243;]<\/p>\n<p>Nuestros cursos de HACCP est\u00e1n avalados por la\u00a0International HACCP Alliance. Los participantes tienen la opci\u00f3n de obtener su diploma con el sello\u00a0International HACCP Alliance.<\/p>\n<p><a href=\"http:\/\/www.ideafoodsafetyinnovation.com\/sitio\/\/reconocimiento-con-sello-dorado-international-haccp-alliance\/\">M\u00e1s Informaci\u00f3n<\/a>\u00a0\u2192<\/p>\n<p>[\/et_pb_blurb][\/et_pb_column][et_pb_column type=\u00bb1_2&#8243; _builder_version=\u00bb4.16&#8243; custom_padding=\u00bb|||\u00bb global_colors_info=\u00bb{}\u00bb custom_padding__hover=\u00bb|||\u00bb][et_pb_blurb title=\u00bbReconocimiento del curso HACCP Avanzado por la International HACCP Alliance\u00bb use_icon=\u00bbon\u00bb font_icon=\u00bb&#x4e;||divi||400&#8243; icon_color=\u00bb#ffffff\u00bb image_icon_background_color=\u00bb#7f3078&#8243; icon_placement=\u00bbleft\u00bb image_icon_width=\u00bb22px\u00bb _builder_version=\u00bb4.16&#8243; header_font=\u00bbMontserrat||||||||\u00bb header_line_height=\u00bb1.3em\u00bb body_font=\u00bbMontserrat||||||||\u00bb body_text_align=\u00bbjustify\u00bb image_icon_custom_padding=\u00bb8px|8px|8px|8px|false|false\u00bb animation_style=\u00bbfade\u00bb animation=\u00bboff\u00bb border_radii_image=\u00bbon|100%|100%|100%|100%\u00bb icon_font_size=\u00bb22px\u00bb use_circle=\u00bbon\u00bb locked=\u00bboff\u00bb global_colors_info=\u00bb{}\u00bb image_icon_background_color__sticky_enabled=\u00bb#7f3078&#8243; image_icon_background_color__sticky=\u00bb#7f3078&#8243;]<\/p>\n<p>International HACCP Alliance\u00a0es una alianza reconocida a nivel mundial por la industria de alimentos, creada para asegurar la uniformidad en los programas de capacitaci\u00f3n de la\u00a0Metodolog\u00eda HACCP*.<\/p>\n<p><a href=\"http:\/\/www.ideafoodsafetyinnovation.com\/sitio\/\/reconocimiento-con-sello-dorado-international-haccp-alliance\/\">M\u00e1s Informaci\u00f3n<\/a>\u00a0\u2192<\/p>\n<p>[\/et_pb_blurb][\/et_pb_column][\/et_pb_row][\/et_pb_section]<\/p>\n","protected":false},"excerpt":{"rendered":"<p>Otros servicios\u00a0Certificados y reconocimientosIDEA FSI ofrece los siguientes certificados o reconocimientos:Los ex\u00e1menes del NRFSP est\u00e1n acreditados por el Instituto Americano de Est\u00e1ndares Nacionales (ANSI, por sus siglas en ingl\u00e9s) bajo los est\u00e1ndares de la Asamblea para la Protecci\u00f3n de Alimentos (CFP, por sus siglas en ingl\u00e9s) de los Estados Unidos.\u00a0IDEA FSI est\u00e1 acreditado por el [&hellip;]<\/p>\n","protected":false},"author":1,"featured_media":0,"parent":0,"menu_order":0,"comment_status":"closed","ping_status":"closed","template":"","meta":{"_et_pb_use_builder":"on","_et_pb_old_content":"","_et_gb_content_width":"","footnotes":""},"class_list":["post-198","page","type-page","status-publish","hentry"],"yoast_head":"<!-- This site is optimized with the Yoast SEO plugin v25.3.1 - https:\/\/yoast.com\/wordpress\/plugins\/seo\/ -->\n<title>Certificados y reconocimientos - FSI<\/title>\n<meta name=\"robots\" content=\"index, follow, max-snippet:-1, max-image-preview:large, max-video-preview:-1\" \/>\n<link rel=\"canonical\" href=\"http:\/\/www.ideafoodsafetyinnovation.com\/sitio\/certificados-y-reconocimientos\/\" \/>\n<meta property=\"og:locale\" content=\"es_ES\" \/>\n<meta property=\"og:type\" content=\"article\" \/>\n<meta property=\"og:title\" content=\"Certificados y reconocimientos - FSI\" \/>\n<meta property=\"og:description\" content=\"Otros servicios\u00a0Certificados y reconocimientosIDEA FSI ofrece los siguientes certificados o reconocimientos:Los ex\u00e1menes del NRFSP est\u00e1n acreditados por el Instituto Americano de Est\u00e1ndares Nacionales (ANSI, por sus siglas en ingl\u00e9s) bajo los est\u00e1ndares de la Asamblea para la Protecci\u00f3n de Alimentos (CFP, por sus siglas en ingl\u00e9s) de los Estados Unidos.\u00a0IDEA FSI est\u00e1 acreditado por el [&hellip;]\" \/>\n<meta property=\"og:url\" content=\"http:\/\/www.ideafoodsafetyinnovation.com\/sitio\/certificados-y-reconocimientos\/\" \/>\n<meta property=\"og:site_name\" content=\"FSI\" \/>\n<meta property=\"article:modified_time\" content=\"2022-11-14T22:20:29+00:00\" \/>\n<meta name=\"twitter:card\" content=\"summary_large_image\" \/>\n<meta name=\"twitter:label1\" content=\"Tiempo de lectura\" \/>\n\t<meta name=\"twitter:data1\" content=\"6 minutos\" \/>\n<script type=\"application\/ld+json\" class=\"yoast-schema-graph\">{\"@context\":\"https:\/\/schema.org\",\"@graph\":[{\"@type\":\"WebPage\",\"@id\":\"http:\/\/www.ideafoodsafetyinnovation.com\/sitio\/certificados-y-reconocimientos\/\",\"url\":\"http:\/\/www.ideafoodsafetyinnovation.com\/sitio\/certificados-y-reconocimientos\/\",\"name\":\"Certificados y reconocimientos - FSI\",\"isPartOf\":{\"@id\":\"https:\/\/www.ideafoodsafetyinnovation.com\/sitio\/#website\"},\"datePublished\":\"2020-07-10T15:19:44+00:00\",\"dateModified\":\"2022-11-14T22:20:29+00:00\",\"breadcrumb\":{\"@id\":\"http:\/\/www.ideafoodsafetyinnovation.com\/sitio\/certificados-y-reconocimientos\/#breadcrumb\"},\"inLanguage\":\"es\",\"potentialAction\":[{\"@type\":\"ReadAction\",\"target\":[\"http:\/\/www.ideafoodsafetyinnovation.com\/sitio\/certificados-y-reconocimientos\/\"]}]},{\"@type\":\"BreadcrumbList\",\"@id\":\"http:\/\/www.ideafoodsafetyinnovation.com\/sitio\/certificados-y-reconocimientos\/#breadcrumb\",\"itemListElement\":[{\"@type\":\"ListItem\",\"position\":1,\"name\":\"Portada\",\"item\":\"https:\/\/www.ideafoodsafetyinnovation.com\/sitio\/\"},{\"@type\":\"ListItem\",\"position\":2,\"name\":\"Certificados y reconocimientos\"}]},{\"@type\":\"WebSite\",\"@id\":\"https:\/\/www.ideafoodsafetyinnovation.com\/sitio\/#website\",\"url\":\"https:\/\/www.ideafoodsafetyinnovation.com\/sitio\/\",\"name\":\"FSI\",\"description\":\"Cursos\",\"potentialAction\":[{\"@type\":\"SearchAction\",\"target\":{\"@type\":\"EntryPoint\",\"urlTemplate\":\"https:\/\/www.ideafoodsafetyinnovation.com\/sitio\/?s={search_term_string}\"},\"query-input\":{\"@type\":\"PropertyValueSpecification\",\"valueRequired\":true,\"valueName\":\"search_term_string\"}}],\"inLanguage\":\"es\"}]}<\/script>\n<!-- \/ Yoast SEO plugin. -->","yoast_head_json":{"title":"Certificados y reconocimientos - FSI","robots":{"index":"index","follow":"follow","max-snippet":"max-snippet:-1","max-image-preview":"max-image-preview:large","max-video-preview":"max-video-preview:-1"},"canonical":"http:\/\/www.ideafoodsafetyinnovation.com\/sitio\/certificados-y-reconocimientos\/","og_locale":"es_ES","og_type":"article","og_title":"Certificados y reconocimientos - FSI","og_description":"Otros servicios\u00a0Certificados y reconocimientosIDEA FSI ofrece los siguientes certificados o reconocimientos:Los ex\u00e1menes del NRFSP est\u00e1n acreditados por el Instituto Americano de Est\u00e1ndares Nacionales (ANSI, por sus siglas en ingl\u00e9s) bajo los est\u00e1ndares de la Asamblea para la Protecci\u00f3n de Alimentos (CFP, por sus siglas en ingl\u00e9s) de los Estados Unidos.\u00a0IDEA FSI est\u00e1 acreditado por el [&hellip;]","og_url":"http:\/\/www.ideafoodsafetyinnovation.com\/sitio\/certificados-y-reconocimientos\/","og_site_name":"FSI","article_modified_time":"2022-11-14T22:20:29+00:00","twitter_card":"summary_large_image","twitter_misc":{"Tiempo de lectura":"6 minutos"},"schema":{"@context":"https:\/\/schema.org","@graph":[{"@type":"WebPage","@id":"http:\/\/www.ideafoodsafetyinnovation.com\/sitio\/certificados-y-reconocimientos\/","url":"http:\/\/www.ideafoodsafetyinnovation.com\/sitio\/certificados-y-reconocimientos\/","name":"Certificados y reconocimientos - FSI","isPartOf":{"@id":"https:\/\/www.ideafoodsafetyinnovation.com\/sitio\/#website"},"datePublished":"2020-07-10T15:19:44+00:00","dateModified":"2022-11-14T22:20:29+00:00","breadcrumb":{"@id":"http:\/\/www.ideafoodsafetyinnovation.com\/sitio\/certificados-y-reconocimientos\/#breadcrumb"},"inLanguage":"es","potentialAction":[{"@type":"ReadAction","target":["http:\/\/www.ideafoodsafetyinnovation.com\/sitio\/certificados-y-reconocimientos\/"]}]},{"@type":"BreadcrumbList","@id":"http:\/\/www.ideafoodsafetyinnovation.com\/sitio\/certificados-y-reconocimientos\/#breadcrumb","itemListElement":[{"@type":"ListItem","position":1,"name":"Portada","item":"https:\/\/www.ideafoodsafetyinnovation.com\/sitio\/"},{"@type":"ListItem","position":2,"name":"Certificados y reconocimientos"}]},{"@type":"WebSite","@id":"https:\/\/www.ideafoodsafetyinnovation.com\/sitio\/#website","url":"https:\/\/www.ideafoodsafetyinnovation.com\/sitio\/","name":"FSI","description":"Cursos","potentialAction":[{"@type":"SearchAction","target":{"@type":"EntryPoint","urlTemplate":"https:\/\/www.ideafoodsafetyinnovation.com\/sitio\/?s={search_term_string}"},"query-input":{"@type":"PropertyValueSpecification","valueRequired":true,"valueName":"search_term_string"}}],"inLanguage":"es"}]}},"_links":{"self":[{"href":"http:\/\/www.ideafoodsafetyinnovation.com\/sitio\/wp-json\/wp\/v2\/pages\/198","targetHints":{"allow":["GET"]}}],"collection":[{"href":"http:\/\/www.ideafoodsafetyinnovation.com\/sitio\/wp-json\/wp\/v2\/pages"}],"about":[{"href":"http:\/\/www.ideafoodsafetyinnovation.com\/sitio\/wp-json\/wp\/v2\/types\/page"}],"author":[{"embeddable":true,"href":"http:\/\/www.ideafoodsafetyinnovation.com\/sitio\/wp-json\/wp\/v2\/users\/1"}],"replies":[{"embeddable":true,"href":"http:\/\/www.ideafoodsafetyinnovation.com\/sitio\/wp-json\/wp\/v2\/comments?post=198"}],"version-history":[{"count":23,"href":"http:\/\/www.ideafoodsafetyinnovation.com\/sitio\/wp-json\/wp\/v2\/pages\/198\/revisions"}],"predecessor-version":[{"id":2631,"href":"http:\/\/www.ideafoodsafetyinnovation.com\/sitio\/wp-json\/wp\/v2\/pages\/198\/revisions\/2631"}],"wp:attachment":[{"href":"http:\/\/www.ideafoodsafetyinnovation.com\/sitio\/wp-json\/wp\/v2\/media?parent=198"}],"curies":[{"name":"wp","href":"https:\/\/api.w.org\/{rel}","templated":true}]}}