{"id":127,"date":"2020-07-07T15:11:21","date_gmt":"2020-07-07T20:11:21","guid":{"rendered":"http:\/\/www.portalmedia.com.mx\/fsi\/?page_id=127"},"modified":"2020-12-03T15:41:18","modified_gmt":"2020-12-03T20:41:18","slug":"modalidades","status":"publish","type":"page","link":"https:\/\/www.ideafoodsafetyinnovation.com\/sitio\/modalidades\/","title":{"rendered":"Modalidades"},"content":{"rendered":"<p>[et_pb_section fb_built=\u00bb1&#8243; custom_padding_last_edited=\u00bbon|phone\u00bb admin_label=\u00bbHero\u00bb _builder_version=\u00bb4.7.3&#8243; use_background_color_gradient=\u00bbon\u00bb background_color_gradient_start=\u00bbrgba(0,0,0,0.18)\u00bb background_color_gradient_end=\u00bbrgba(0,0,0,0.37)\u00bb background_color_gradient_overlays_image=\u00bbon\u00bb background_image=\u00bbhttp:\/\/www.ideafoodsafetyinnovation.com\/sitio\/\/wp-content\/uploads\/2020\/10\/banner3.jpg\u00bb background_position=\u00bbbottom_right\u00bb custom_margin=\u00bb|5vw||\u00bb custom_padding=\u00bb2vw||2vw||true|false\u00bb custom_padding_tablet=\u00bb100px||100px|\u00bb custom_padding_phone=\u00bb|||\u00bb animation_style=\u00bbslide\u00bb animation_direction=\u00bbleft\u00bb animation_intensity_slide=\u00bb5%\u00bb border_radii=\u00bb|||30vw|\u00bb border_color_all=\u00bb#0ee1f4&#8243; border_width_right=\u00bb2vw\u00bb border_color_right=\u00bb#7f3078&#8243; box_shadow_style=\u00bbpreset4&#8243; box_shadow_horizontal=\u00bb20px\u00bb box_shadow_vertical=\u00bb0px\u00bb box_shadow_color=\u00bbrgba(127,48,120,0.86)\u00bb][et_pb_row _builder_version=\u00bb4.7.3&#8243; custom_padding=\u00bb27px|0px|27px|0px|true|false\u00bb][et_pb_column type=\u00bb4_4&#8243; _builder_version=\u00bb3.25&#8243; custom_padding=\u00bb|||\u00bb custom_padding__hover=\u00bb|||\u00bb][et_pb_text admin_label=\u00bbText\u00bb _builder_version=\u00bb4.7.3&#8243; text_font=\u00bbMontserrat|300|||||||\u00bb text_font_size=\u00bb22px\u00bb text_line_height=\u00bb1.8em\u00bb ul_font=\u00bb||||||||\u00bb header_font=\u00bbMontserrat|||on|||||\u00bb header_font_size=\u00bb40px\u00bb header_line_height=\u00bb1.2em\u00bb text_orientation=\u00bbcenter\u00bb background_layout=\u00bbdark\u00bb module_alignment=\u00bbcenter\u00bb custom_padding=\u00bb20px||||false|false\u00bb text_line_height_tablet=\u00bb2em\u00bb text_line_height_phone=\u00bb2em\u00bb text_line_height_last_edited=\u00bboff|desktop\u00bb header_font_size_tablet=\u00bb40px\u00bb header_font_size_phone=\u00bb\u00bb header_font_size_last_edited=\u00bbon|tablet\u00bb header_line_height_tablet=\u00bb1.2em\u00bb header_line_height_phone=\u00bb1.1em\u00bb header_line_height_last_edited=\u00bbon|phone\u00bb header_text_shadow_style=\u00bbpreset3&#8243; header_text_shadow_color=\u00bbrgba(0,0,0,0.06)\u00bb]<\/p>\n<h1>Otros servicios<\/h1>\n<p>[\/et_pb_text][\/et_pb_column][\/et_pb_row][\/et_pb_section][et_pb_section fb_built=\u00bb1&#8243; _builder_version=\u00bb4.7.4&#8243; custom_margin=\u00bb0px||0px||true|false\u00bb custom_padding=\u00bb0px||52px||false|false\u00bb][et_pb_row column_structure=\u00bb3_5,2_5&#8243; _builder_version=\u00bb4.5.7&#8243; custom_margin=\u00bb||0px||false|false\u00bb custom_margin_tablet=\u00bb||0px|\u00bb custom_margin_last_edited=\u00bboff|desktop\u00bb use_custom_width=\u00bbon\u00bb width_unit=\u00bboff\u00bb custom_width_percent=\u00bb100%\u00bb][et_pb_column type=\u00bb3_5&#8243; _builder_version=\u00bb4.5.7&#8243; custom_padding_tablet=\u00bb0px|50px|50px|50px\u00bb custom_padding_last_edited=\u00bboff|desktop\u00bb padding_tablet=\u00bb0px|50px|50px|50px\u00bb padding_last_edited=\u00bbon|desktop\u00bb custom_padding__hover=\u00bb|||\u00bb][et_pb_text _builder_version=\u00bb4.7.4&#8243; text_font=\u00bbMontserrat|300|||||||\u00bb text_font_size=\u00bb16px\u00bb text_line_height=\u00bb1.8em\u00bb header_font=\u00bb||||||||\u00bb header_2_font=\u00bbMontserrat|||on|||||\u00bb header_2_text_align=\u00bbleft\u00bb header_2_font_size=\u00bb30px\u00bb header_2_line_height=\u00bb1.5em\u00bb max_width=\u00bb600px\u00bb custom_margin=\u00bb50px||0px||false|false\u00bb custom_margin_tablet=\u00bb0px|50px||50px\u00bb custom_margin_phone=\u00bb\u00bb custom_margin_last_edited=\u00bbon|phone\u00bb hover_enabled=\u00bb0&#8243; header_2_font_size_tablet=\u00bb\u00bb header_2_font_size_phone=\u00bb30px\u00bb header_2_font_size_last_edited=\u00bbon|phone\u00bb sticky_enabled=\u00bb0&#8243;]<\/p>\n<h2>Modalidad grabada<\/h2>\n<p>[\/et_pb_text][et_pb_divider divider_weight=\u00bb5px\u00bb _builder_version=\u00bb4.5.7&#8243; custom_margin=\u00bb||10px||false|false\u00bb custom_padding=\u00bb10px||||false|false\u00bb][\/et_pb_divider][et_pb_text _builder_version=\u00bb4.7.4&#8243; text_font=\u00bbMontserrat||||||||\u00bb text_orientation=\u00bbjustified\u00bb custom_margin=\u00bb0px||||false|false\u00bb custom_padding=\u00bb0px||||false|false\u00bb]<\/p>\n<p>Nuestro servicio principal es la capacitaci\u00f3n en l\u00ednea, en modalidad grabada. Los cursos est\u00e1n dirigidos a plantas de alimentos y servicios alimentarios, dise\u00f1ados para niveles de gerencia y mandos medios, y para nivel operativo.<\/p>\n<p>Nuestros cursos en l\u00ednea, en modalidad grabada, pueden iniciarse en cualquier momento y llevarse en el horario y d\u00edas de preferencia, avanzar al propio ritmo. Con esta opci\u00f3n nos es posible capacitar a una sola persona, o bien, a un equipo completo cuyos integrantes pueden tomar el curso de forma independiente o en grupo. Los cursos en linea tienen una excelente relaci\u00f3n costo-beneficio, lo que nos permite ser una soluci\u00f3n para todos los tama\u00f1os de empresas.<\/p>\n<p>[\/et_pb_text][\/et_pb_column][et_pb_column type=\u00bb2_5&#8243; _builder_version=\u00bb4.5.7&#8243; custom_padding=\u00bb|||\u00bb custom_padding__hover=\u00bb|||\u00bb][et_pb_image src=\u00bbhttp:\/\/www.ideafoodsafetyinnovation.com\/sitio\/\/wp-content\/uploads\/2020\/08\/CEA-imagen-web-modalidades-CIRCULOS-PNG-05.png\u00bb title_text=\u00bbCEA &#8211; imagen web modalidades CIRCULOS PNG-05&#8243; _builder_version=\u00bb4.6.0&#8243; _module_preset=\u00bbdefault\u00bb][\/et_pb_image][\/et_pb_column][\/et_pb_row][et_pb_row _builder_version=\u00bb4.7.4&#8243; _module_preset=\u00bbdefault\u00bb custom_padding=\u00bb4px|||||\u00bb][et_pb_column type=\u00bb4_4&#8243; _builder_version=\u00bb4.7.4&#8243; _module_preset=\u00bbdefault\u00bb][et_pb_text _builder_version=\u00bb4.7.4&#8243; text_font=\u00bbMontserrat||||||||\u00bb text_orientation=\u00bbjustified\u00bb custom_margin=\u00bb0px||||false|false\u00bb custom_padding=\u00bb0px||||false|false\u00bb]<\/p>\n<p>Una vez inscrito a alg\u00fan curso, el participante tiene acceso a una sencilla plataforma en donde f\u00e1cilmente encuentra las sesiones del curso, el material y los ex\u00e1menes para su evaluaci\u00f3n. Al finalizar el curso y aprobar los ex\u00e1menes el participante recibe su constancia de participaci\u00f3n a trav\u00e9s de su correo electr\u00f3nico.<\/p>\n<p>[\/et_pb_text][\/et_pb_column][\/et_pb_row][et_pb_row column_structure=\u00bb3_5,2_5&#8243; _builder_version=\u00bb4.5.7&#8243; custom_margin=\u00bb||0px||false|false\u00bb custom_margin_tablet=\u00bb||0px|\u00bb custom_margin_last_edited=\u00bboff|desktop\u00bb use_custom_width=\u00bbon\u00bb width_unit=\u00bboff\u00bb custom_width_percent=\u00bb100%\u00bb][et_pb_column type=\u00bb3_5&#8243; _builder_version=\u00bb4.5.7&#8243; custom_padding_tablet=\u00bb0px|50px|50px|50px\u00bb custom_padding_last_edited=\u00bboff|desktop\u00bb padding_tablet=\u00bb0px|50px|50px|50px\u00bb padding_last_edited=\u00bbon|desktop\u00bb custom_padding__hover=\u00bb|||\u00bb][et_pb_text _builder_version=\u00bb4.7.4&#8243; text_font=\u00bbMontserrat|300|||||||\u00bb text_font_size=\u00bb16px\u00bb text_line_height=\u00bb1.8em\u00bb header_font=\u00bb||||||||\u00bb header_2_font=\u00bbMontserrat|||on|||||\u00bb header_2_text_align=\u00bbleft\u00bb header_2_font_size=\u00bb30px\u00bb header_2_line_height=\u00bb1.5em\u00bb max_width=\u00bb600px\u00bb custom_margin=\u00bb50px||0px||false|false\u00bb custom_margin_tablet=\u00bb0px|50px||50px\u00bb custom_margin_phone=\u00bb\u00bb custom_margin_last_edited=\u00bbon|phone\u00bb hover_enabled=\u00bb0&#8243; header_2_font_size_tablet=\u00bb\u00bb header_2_font_size_phone=\u00bb30px\u00bb header_2_font_size_last_edited=\u00bbon|phone\u00bb sticky_enabled=\u00bb0&#8243;]<\/p>\n<h2>Presencial\u00a0<\/h2>\n<p>[\/et_pb_text][et_pb_divider divider_weight=\u00bb5px\u00bb _builder_version=\u00bb4.5.7&#8243; custom_margin=\u00bb||10px||false|false\u00bb custom_padding=\u00bb10px||||false|false\u00bb][\/et_pb_divider][et_pb_text _builder_version=\u00bb4.7.4&#8243; text_font=\u00bbMontserrat||||||||\u00bb text_orientation=\u00bbjustified\u00bb custom_margin=\u00bb0px||||false|false\u00bb custom_padding=\u00bb0px||||false|false\u00bb hover_enabled=\u00bb0&#8243; header_3_text_color=\u00bb#b900e8&#8243; header_3_font_size=\u00bb16px\u00bb sticky_enabled=\u00bb0&#8243;]<\/p>\n<h3>Grupos exclusivos.<\/h3>\n<p>Adem\u00e1s de en su modalidad en l\u00ednea, ofrecemos de forma presencial los siguientes<br \/>\ncursos:<\/p>\n<ul>\n<li>HACCP b\u00e1sico.<\/li>\n<li>HACCP avanzado.<\/li>\n<li>Controles Preventivos para Alimentos para Consumo Humano FSPCA.<\/li>\n<\/ul>\n<p>Estos cursos se imparten a grupos que as\u00ed lo solicitan y la capacitaci\u00f3n se realiza en<br \/>\nsus establecimientos o instalaciones de forma exclusiva. <a href=\"mailto:cursos@ideafoodsafetyinnovation.com\">Solicita tu cotizaci\u00f3n aqu\u00ed<\/a>.<\/p>\n<h3>Abierto al p\u00fablico.<\/h3>\n<p>El curso de Controles Preventivos para Alimentos para Consumo Humano FSPCA<br \/>\ntambi\u00e9n se imparte en fechas programadas por IDEA FSI que est\u00e1n abiertas al<br \/>\np\u00fablico.[\/et_pb_text][\/et_pb_column][et_pb_column type=\u00bb2_5&#8243; _builder_version=\u00bb4.5.7&#8243; custom_padding=\u00bb|||\u00bb custom_padding__hover=\u00bb|||\u00bb][et_pb_image src=\u00bbhttp:\/\/www.ideafoodsafetyinnovation.com\/sitio\/\/wp-content\/uploads\/2020\/10\/imagen-web-modalidades-Presencial-06.png\u00bb title_text=\u00bbimagen web modalidades -Presencial-06&#8243; _builder_version=\u00bb4.7.4&#8243; _module_preset=\u00bbdefault\u00bb hover_enabled=\u00bb0&#8243; sticky_enabled=\u00bb0&#8243;][\/et_pb_image][\/et_pb_column][\/et_pb_row][\/et_pb_section]<\/p>\n","protected":false},"excerpt":{"rendered":"<p>Otros serviciosModalidad grabada Nuestro servicio principal es la capacitaci\u00f3n en l\u00ednea, en modalidad grabada. Los cursos est\u00e1n dirigidos a plantas de alimentos y servicios alimentarios, dise\u00f1ados para niveles de gerencia y mandos medios, y para nivel operativo. Nuestros cursos en l\u00ednea, en modalidad grabada, pueden iniciarse en cualquier momento y llevarse en el horario y [&hellip;]<\/p>\n","protected":false},"author":1,"featured_media":0,"parent":0,"menu_order":0,"comment_status":"closed","ping_status":"closed","template":"","meta":{"_et_pb_use_builder":"on","_et_pb_old_content":"","_et_gb_content_width":"","footnotes":""},"class_list":["post-127","page","type-page","status-publish","hentry"],"yoast_head":"<!-- This site is optimized with the Yoast SEO plugin v25.3.1 - https:\/\/yoast.com\/wordpress\/plugins\/seo\/ -->\n<title>Modalidades - FSI<\/title>\n<meta name=\"robots\" content=\"index, follow, max-snippet:-1, max-image-preview:large, max-video-preview:-1\" \/>\n<link rel=\"canonical\" href=\"http:\/\/www.ideafoodsafetyinnovation.com\/sitio\/modalidades\/\" \/>\n<meta property=\"og:locale\" content=\"es_ES\" \/>\n<meta property=\"og:type\" content=\"article\" \/>\n<meta property=\"og:title\" content=\"Modalidades - FSI\" \/>\n<meta property=\"og:description\" content=\"Otros serviciosModalidad grabada Nuestro servicio principal es la capacitaci\u00f3n en l\u00ednea, en modalidad grabada. Los cursos est\u00e1n dirigidos a plantas de alimentos y servicios alimentarios, dise\u00f1ados para niveles de gerencia y mandos medios, y para nivel operativo. Nuestros cursos en l\u00ednea, en modalidad grabada, pueden iniciarse en cualquier momento y llevarse en el horario y [&hellip;]\" \/>\n<meta property=\"og:url\" content=\"http:\/\/www.ideafoodsafetyinnovation.com\/sitio\/modalidades\/\" \/>\n<meta property=\"og:site_name\" content=\"FSI\" \/>\n<meta property=\"article:modified_time\" content=\"2020-12-03T20:41:18+00:00\" \/>\n<meta name=\"twitter:card\" content=\"summary_large_image\" \/>\n<meta name=\"twitter:label1\" content=\"Tiempo de lectura\" \/>\n\t<meta name=\"twitter:data1\" content=\"5 minutos\" \/>\n<script type=\"application\/ld+json\" class=\"yoast-schema-graph\">{\"@context\":\"https:\/\/schema.org\",\"@graph\":[{\"@type\":\"WebPage\",\"@id\":\"http:\/\/www.ideafoodsafetyinnovation.com\/sitio\/modalidades\/\",\"url\":\"http:\/\/www.ideafoodsafetyinnovation.com\/sitio\/modalidades\/\",\"name\":\"Modalidades - FSI\",\"isPartOf\":{\"@id\":\"https:\/\/www.ideafoodsafetyinnovation.com\/sitio\/#website\"},\"datePublished\":\"2020-07-07T20:11:21+00:00\",\"dateModified\":\"2020-12-03T20:41:18+00:00\",\"breadcrumb\":{\"@id\":\"http:\/\/www.ideafoodsafetyinnovation.com\/sitio\/modalidades\/#breadcrumb\"},\"inLanguage\":\"es\",\"potentialAction\":[{\"@type\":\"ReadAction\",\"target\":[\"http:\/\/www.ideafoodsafetyinnovation.com\/sitio\/modalidades\/\"]}]},{\"@type\":\"BreadcrumbList\",\"@id\":\"http:\/\/www.ideafoodsafetyinnovation.com\/sitio\/modalidades\/#breadcrumb\",\"itemListElement\":[{\"@type\":\"ListItem\",\"position\":1,\"name\":\"Portada\",\"item\":\"https:\/\/www.ideafoodsafetyinnovation.com\/sitio\/\"},{\"@type\":\"ListItem\",\"position\":2,\"name\":\"Modalidades\"}]},{\"@type\":\"WebSite\",\"@id\":\"https:\/\/www.ideafoodsafetyinnovation.com\/sitio\/#website\",\"url\":\"https:\/\/www.ideafoodsafetyinnovation.com\/sitio\/\",\"name\":\"FSI\",\"description\":\"Cursos\",\"potentialAction\":[{\"@type\":\"SearchAction\",\"target\":{\"@type\":\"EntryPoint\",\"urlTemplate\":\"https:\/\/www.ideafoodsafetyinnovation.com\/sitio\/?s={search_term_string}\"},\"query-input\":{\"@type\":\"PropertyValueSpecification\",\"valueRequired\":true,\"valueName\":\"search_term_string\"}}],\"inLanguage\":\"es\"}]}<\/script>\n<!-- \/ Yoast SEO plugin. -->","yoast_head_json":{"title":"Modalidades - FSI","robots":{"index":"index","follow":"follow","max-snippet":"max-snippet:-1","max-image-preview":"max-image-preview:large","max-video-preview":"max-video-preview:-1"},"canonical":"http:\/\/www.ideafoodsafetyinnovation.com\/sitio\/modalidades\/","og_locale":"es_ES","og_type":"article","og_title":"Modalidades - FSI","og_description":"Otros serviciosModalidad grabada Nuestro servicio principal es la capacitaci\u00f3n en l\u00ednea, en modalidad grabada. Los cursos est\u00e1n dirigidos a plantas de alimentos y servicios alimentarios, dise\u00f1ados para niveles de gerencia y mandos medios, y para nivel operativo. Nuestros cursos en l\u00ednea, en modalidad grabada, pueden iniciarse en cualquier momento y llevarse en el horario y [&hellip;]","og_url":"http:\/\/www.ideafoodsafetyinnovation.com\/sitio\/modalidades\/","og_site_name":"FSI","article_modified_time":"2020-12-03T20:41:18+00:00","twitter_card":"summary_large_image","twitter_misc":{"Tiempo de lectura":"5 minutos"},"schema":{"@context":"https:\/\/schema.org","@graph":[{"@type":"WebPage","@id":"http:\/\/www.ideafoodsafetyinnovation.com\/sitio\/modalidades\/","url":"http:\/\/www.ideafoodsafetyinnovation.com\/sitio\/modalidades\/","name":"Modalidades - FSI","isPartOf":{"@id":"https:\/\/www.ideafoodsafetyinnovation.com\/sitio\/#website"},"datePublished":"2020-07-07T20:11:21+00:00","dateModified":"2020-12-03T20:41:18+00:00","breadcrumb":{"@id":"http:\/\/www.ideafoodsafetyinnovation.com\/sitio\/modalidades\/#breadcrumb"},"inLanguage":"es","potentialAction":[{"@type":"ReadAction","target":["http:\/\/www.ideafoodsafetyinnovation.com\/sitio\/modalidades\/"]}]},{"@type":"BreadcrumbList","@id":"http:\/\/www.ideafoodsafetyinnovation.com\/sitio\/modalidades\/#breadcrumb","itemListElement":[{"@type":"ListItem","position":1,"name":"Portada","item":"https:\/\/www.ideafoodsafetyinnovation.com\/sitio\/"},{"@type":"ListItem","position":2,"name":"Modalidades"}]},{"@type":"WebSite","@id":"https:\/\/www.ideafoodsafetyinnovation.com\/sitio\/#website","url":"https:\/\/www.ideafoodsafetyinnovation.com\/sitio\/","name":"FSI","description":"Cursos","potentialAction":[{"@type":"SearchAction","target":{"@type":"EntryPoint","urlTemplate":"https:\/\/www.ideafoodsafetyinnovation.com\/sitio\/?s={search_term_string}"},"query-input":{"@type":"PropertyValueSpecification","valueRequired":true,"valueName":"search_term_string"}}],"inLanguage":"es"}]}},"_links":{"self":[{"href":"https:\/\/www.ideafoodsafetyinnovation.com\/sitio\/wp-json\/wp\/v2\/pages\/127","targetHints":{"allow":["GET"]}}],"collection":[{"href":"https:\/\/www.ideafoodsafetyinnovation.com\/sitio\/wp-json\/wp\/v2\/pages"}],"about":[{"href":"https:\/\/www.ideafoodsafetyinnovation.com\/sitio\/wp-json\/wp\/v2\/types\/page"}],"author":[{"embeddable":true,"href":"https:\/\/www.ideafoodsafetyinnovation.com\/sitio\/wp-json\/wp\/v2\/users\/1"}],"replies":[{"embeddable":true,"href":"https:\/\/www.ideafoodsafetyinnovation.com\/sitio\/wp-json\/wp\/v2\/comments?post=127"}],"version-history":[{"count":20,"href":"https:\/\/www.ideafoodsafetyinnovation.com\/sitio\/wp-json\/wp\/v2\/pages\/127\/revisions"}],"predecessor-version":[{"id":1467,"href":"https:\/\/www.ideafoodsafetyinnovation.com\/sitio\/wp-json\/wp\/v2\/pages\/127\/revisions\/1467"}],"wp:attachment":[{"href":"https:\/\/www.ideafoodsafetyinnovation.com\/sitio\/wp-json\/wp\/v2\/media?parent=127"}],"curies":[{"name":"wp","href":"https:\/\/api.w.org\/{rel}","templated":true}]}}