{"id":185,"date":"2020-07-09T20:34:14","date_gmt":"2020-07-10T01:34:14","guid":{"rendered":"http:\/\/www.portalmedia.com.mx\/fsi\/?page_id=185"},"modified":"2020-11-23T18:10:40","modified_gmt":"2020-11-23T23:10:40","slug":"grupos-exclusivos","status":"publish","type":"page","link":"https:\/\/www.ideafoodsafetyinnovation.com\/sitio\/grupos-exclusivos\/","title":{"rendered":"Grupos exclusivos"},"content":{"rendered":"<p>[et_pb_section fb_built=\u00bb1&#8243; _builder_version=\u00bb4.7.3&#8243; _module_preset=\u00bbdefault\u00bb title_text=\u00bbbanner3&#8243; background_image=\u00bbhttp:\/\/www.ideafoodsafetyinnovation.com\/sitio\/\/wp-content\/uploads\/2020\/10\/banner3.jpg\u00bb hover_enabled=\u00bb0&#8243; sticky_enabled=\u00bb0&#8243;][et_pb_row _builder_version=\u00bb4.7.3&#8243; _module_preset=\u00bbdefault\u00bb][et_pb_column _builder_version=\u00bb4.7.3&#8243; _module_preset=\u00bbdefault\u00bb type=\u00bb4_4&#8243;][et_pb_text _builder_version=\u00bb4.7.3&#8243; _module_preset=\u00bbdefault\u00bb header_font=\u00bbMontserrat|||on|||||\u00bb header_text_color=\u00bb#ffffff\u00bb header_font_size=\u00bb40px\u00bb header_line_height=\u00bb1.2em\u00bb header_text_align=\u00bbcenter\u00bb hover_enabled=\u00bb0&#8243; sticky_enabled=\u00bb0&#8243;]<\/p>\n<h1>Otros Servicios<\/h1>\n<p>[\/et_pb_text][\/et_pb_column][\/et_pb_row][\/et_pb_section][et_pb_section fb_built=\u00bb1&#8243; _builder_version=\u00bb4.7.3&#8243; custom_margin=\u00bb0px||0px||true|false\u00bb custom_padding=\u00bb0px||0px||true|false\u00bb hover_enabled=\u00bb0&#8243; sticky_enabled=\u00bb0&#8243;][et_pb_row _builder_version=\u00bb4.4.9&#8243; min_height=\u00bb347px\u00bb custom_margin=\u00bb|auto|-13px|auto||\u00bb custom_padding=\u00bb||0px|||\u00bb][et_pb_column type=\u00bb4_4&#8243; _builder_version=\u00bb4.4.8&#8243;][et_pb_text _builder_version=\u00bb4.4.9&#8243; text_font=\u00bbMontserrat||||||||\u00bb text_orientation=\u00bbjustified\u00bb custom_padding=\u00bb30px||||false|false\u00bb]<\/p>\n<h2><strong>Grupos exclusivos<\/strong><\/h2>\n<p><strong><\/strong><\/p>\n<p><strong><\/strong><\/p>\n<p><strong><\/strong><\/p>\n<p style=\"text-align: justify;\"><strong>IDEA FSI<\/strong> te ofrece la opci\u00f3n de Grupos exclusivos para tu empresa. Las modalidades de capacitaci\u00f3n para grupos exclusivos son presenciales o en l\u00ednea en modalidad grabada.<\/p>\n<p>Los grupos exclusivos tambi\u00e9n pueden ser contratados por empresas, instituciones, c\u00e1maras y asociaciones como un medio para dar un servicio al cliente, valor agregado a sus productos y servicios o generar presencia de marca.<\/p>\n<p>[\/et_pb_text][et_pb_divider divider_weight=\u00bb3px\u00bb _builder_version=\u00bb4.4.9&#8243; custom_margin=\u00bb||-20px|||\u00bb][\/et_pb_divider][\/et_pb_column][\/et_pb_row][et_pb_row column_structure=\u00bb1_2,1_2&#8243; _builder_version=\u00bb4.4.9&#8243; custom_padding=\u00bb0px|||||\u00bb animation_style=\u00bbslide\u00bb animation_direction=\u00bbtop\u00bb animation_intensity_slide=\u00bb5%\u00bb animation_starting_opacity=\u00bb100%\u00bb][et_pb_column type=\u00bb1_2&#8243; _builder_version=\u00bb4.4.9&#8243;][et_pb_text _builder_version=\u00bb4.4.9&#8243; text_font=\u00bbMontserrat|||on|||||\u00bb text_font_size=\u00bb16px\u00bb]<\/p>\n<p><strong>En l\u00ednea<\/strong> (modalidad grabada)<\/p>\n<p>[\/et_pb_text][et_pb_blurb title=\u00bbContenido\u00bb use_icon=\u00bbon\u00bb font_icon=\u00bb%%67%%\u00bb icon_placement=\u00bbleft\u00bb _builder_version=\u00bb4.4.9&#8243; body_font=\u00bbMontserrat||||||||\u00bb]<\/p>\n<ul>\n<li>Se ajusta contenido y duraci\u00f3n de acuerdo a las necesidades del grupo.<\/li>\n<\/ul>\n<p>[\/et_pb_blurb][et_pb_blurb title=\u00bbCapacitaci\u00f3n \u00bb use_icon=\u00bbon\u00bb font_icon=\u00bb%%106%%\u00bb icon_placement=\u00bbleft\u00bb _builder_version=\u00bb4.4.9&#8243; body_font=\u00bbMontserrat||||||||\u00bb]<\/p>\n<ul>\n<li>Se lleva a cabo en l\u00ednea, con el horario y d\u00edas de preferencia del grupo<\/li>\n<\/ul>\n<p>[\/et_pb_blurb][et_pb_image src=\u00bbhttp:\/\/www.ideafoodsafetyinnovation.com\/sitio\/\/wp-content\/uploads\/2020\/07\/linea.jpg\u00bb title_text=\u00bblinea\u00bb align=\u00bbcenter\u00bb _builder_version=\u00bb4.4.9&#8243; min_height=\u00bb333px\u00bb custom_margin=\u00bb29px|||||\u00bb custom_padding=\u00bb30px||56px|||\u00bb][\/et_pb_image][\/et_pb_column][et_pb_column type=\u00bb1_2&#8243; _builder_version=\u00bb4.4.9&#8243;][et_pb_text _builder_version=\u00bb4.4.9&#8243; text_font=\u00bbMontserrat|||on|||||\u00bb text_font_size=\u00bb16px\u00bb]<\/p>\n<p><strong>Cursos presenciales<\/strong><\/p>\n<p>[\/et_pb_text][et_pb_blurb title=\u00bbContenido\u00bb use_icon=\u00bbon\u00bb font_icon=\u00bb%%67%%\u00bb icon_placement=\u00bbleft\u00bb _builder_version=\u00bb4.4.9&#8243; body_font=\u00bbMontserrat||||||||\u00bb]<\/p>\n<ul>\n<li>Cursos HACCP, b\u00e1sico o avanzado<\/li>\n<li>Controles Preventivos para Consumo Humano FSMA<\/li>\n<\/ul>\n<p>[\/et_pb_blurb][et_pb_blurb title=\u00bbCapacitaci\u00f3n \u00bb use_icon=\u00bbon\u00bb font_icon=\u00bb%%106%%\u00bb icon_placement=\u00bbleft\u00bb _builder_version=\u00bb4.4.9&#8243; body_font=\u00bbMontserrat||||||||\u00bb]<\/p>\n<ul>\n<li>Se pueden impartir de forma exclusiva para cierto grupo de participantes <\/li>\n<li>Lugar que prefiera el contratante, siempre y cuando cumpla con las condiciones adecuadas para este fin.<\/li>\n<\/ul>\n<p>[\/et_pb_blurb][et_pb_image src=\u00bbhttp:\/\/www.ideafoodsafetyinnovation.com\/sitio\/\/wp-content\/uploads\/2020\/07\/cursos-especiales-idea-fsi.jpg\u00bb title_text=\u00bbcursos-especiales-idea-fsi\u00bb align=\u00bbcenter\u00bb _builder_version=\u00bb4.4.9&#8243; min_height=\u00bb333px\u00bb custom_margin=\u00bb-54px|||||\u00bb custom_padding=\u00bb34px||0px|||\u00bb][\/et_pb_image][\/et_pb_column][\/et_pb_row][et_pb_row _builder_version=\u00bb4.4.9&#8243; custom_margin=\u00bb|auto|-53px|auto||\u00bb][et_pb_column type=\u00bb4_4&#8243; _builder_version=\u00bb4.4.9&#8243;][et_pb_text _builder_version=\u00bb4.4.9&#8243; text_font=\u00bbMontserrat||||||||\u00bb text_font_size=\u00bb20px\u00bb text_line_height=\u00bb1em\u00bb]<\/p>\n<p style=\"text-align: justify;\"><strong>Informaci\u00f3n detallada<\/strong><\/p>\n<p>[\/et_pb_text][et_pb_divider divider_weight=\u00bb3px\u00bb _builder_version=\u00bb4.4.9&#8243;][\/et_pb_divider][\/et_pb_column][\/et_pb_row][et_pb_row _builder_version=\u00bb4.4.9&#8243;][et_pb_column type=\u00bb4_4&#8243; _builder_version=\u00bb4.4.9&#8243;][et_pb_accordion _builder_version=\u00bb4.4.9&#8243;][et_pb_accordion_item title=\u00bbCursos disponibles\u00bb open=\u00bbon\u00bb _builder_version=\u00bb4.4.9&#8243; body_font=\u00bbMontserrat||||||||\u00bb toggle_font=\u00bbMontserrat||||||||\u00bb]<\/p>\n<p style=\"text-align: justify;\">Todas nuestras capacitaciones est\u00e1n disponibles para ser impartidas en grupos exclusivos.<\/p>\n<p style=\"text-align: justify;\">Pude revisar los detalles de cada una de nuestras capacitaciones:<\/p>\n<ul>\n<li style=\"text-align: justify;\">Diplomado Implementaci\u00f3n de un Sistema de Inocuidad para Plantas de Alimentos<\/li>\n<li style=\"text-align: justify;\">Curso HACCP B\u00e1sico<\/li>\n<li style=\"text-align: justify;\">Curso HACCP Avanzado<\/li>\n<li style=\"text-align: justify;\">Curso Controles preventivos para alimentos para consumo humano FSPCA<\/li>\n<li style=\"text-align: justify;\">Curso Manejo Higi\u00e9nico de Alimentos (nivel operativo)<\/li>\n<li style=\"text-align: justify;\">Implementaci\u00f3n de un Programa de Manejo Higi\u00e9nico de Alimentos para Servicios Alimentarios<\/li>\n<\/ul>\n<p>[\/et_pb_accordion_item][et_pb_accordion_item title=\u00bbPrecios\u00bb _builder_version=\u00bb4.4.9&#8243; body_font=\u00bbMontserrat||||||||\u00bb toggle_font=\u00bbMontserrat||||||||\u00bb open=\u00bboff\u00bb]<\/p>\n<p style=\"text-align: justify;\">Para cotizaciones de nuestro servicio de grupos exclusivos favor de contactarnos a cursos@ideafoodsafetyinnovation.com o al 01 8181430750 y con gusto le atenderemos.<\/p>\n<p>[\/et_pb_accordion_item][\/et_pb_accordion][\/et_pb_column][\/et_pb_row][\/et_pb_section]<\/p>\n","protected":false},"excerpt":{"rendered":"<p>Otros Servicios Grupos exclusivos IDEA FSI te ofrece la opci\u00f3n de Grupos exclusivos para tu empresa. Las modalidades de capacitaci\u00f3n para grupos exclusivos son presenciales o en l\u00ednea en modalidad grabada. Los grupos exclusivos tambi\u00e9n pueden ser contratados por empresas, instituciones, c\u00e1maras y asociaciones como un medio para dar un servicio al cliente, valor agregado [&hellip;]<\/p>\n","protected":false},"author":1,"featured_media":0,"parent":0,"menu_order":0,"comment_status":"closed","ping_status":"closed","template":"","meta":{"_et_pb_use_builder":"on","_et_pb_old_content":"","_et_gb_content_width":"","footnotes":""},"class_list":["post-185","page","type-page","status-publish","hentry"],"yoast_head":"<!-- This site is optimized with the Yoast SEO plugin v25.3.1 - https:\/\/yoast.com\/wordpress\/plugins\/seo\/ -->\n<title>Grupos exclusivos - FSI<\/title>\n<meta name=\"robots\" content=\"index, follow, max-snippet:-1, max-image-preview:large, max-video-preview:-1\" \/>\n<link rel=\"canonical\" href=\"https:\/\/www.ideafoodsafetyinnovation.com\/sitio\/grupos-exclusivos\/\" \/>\n<meta property=\"og:locale\" content=\"es_ES\" \/>\n<meta property=\"og:type\" content=\"article\" \/>\n<meta property=\"og:title\" content=\"Grupos exclusivos - FSI\" \/>\n<meta property=\"og:description\" content=\"Otros Servicios Grupos exclusivos IDEA FSI te ofrece la opci\u00f3n de Grupos exclusivos para tu empresa. Las modalidades de capacitaci\u00f3n para grupos exclusivos son presenciales o en l\u00ednea en modalidad grabada. Los grupos exclusivos tambi\u00e9n pueden ser contratados por empresas, instituciones, c\u00e1maras y asociaciones como un medio para dar un servicio al cliente, valor agregado [&hellip;]\" \/>\n<meta property=\"og:url\" content=\"https:\/\/www.ideafoodsafetyinnovation.com\/sitio\/grupos-exclusivos\/\" \/>\n<meta property=\"og:site_name\" content=\"FSI\" \/>\n<meta property=\"article:modified_time\" content=\"2020-11-23T23:10:40+00:00\" \/>\n<meta name=\"twitter:card\" content=\"summary_large_image\" \/>\n<meta name=\"twitter:label1\" content=\"Tiempo de lectura\" \/>\n\t<meta name=\"twitter:data1\" content=\"4 minutos\" \/>\n<script type=\"application\/ld+json\" class=\"yoast-schema-graph\">{\"@context\":\"https:\/\/schema.org\",\"@graph\":[{\"@type\":\"WebPage\",\"@id\":\"https:\/\/www.ideafoodsafetyinnovation.com\/sitio\/grupos-exclusivos\/\",\"url\":\"https:\/\/www.ideafoodsafetyinnovation.com\/sitio\/grupos-exclusivos\/\",\"name\":\"Grupos exclusivos - FSI\",\"isPartOf\":{\"@id\":\"https:\/\/www.ideafoodsafetyinnovation.com\/sitio\/#website\"},\"datePublished\":\"2020-07-10T01:34:14+00:00\",\"dateModified\":\"2020-11-23T23:10:40+00:00\",\"breadcrumb\":{\"@id\":\"https:\/\/www.ideafoodsafetyinnovation.com\/sitio\/grupos-exclusivos\/#breadcrumb\"},\"inLanguage\":\"es\",\"potentialAction\":[{\"@type\":\"ReadAction\",\"target\":[\"https:\/\/www.ideafoodsafetyinnovation.com\/sitio\/grupos-exclusivos\/\"]}]},{\"@type\":\"BreadcrumbList\",\"@id\":\"https:\/\/www.ideafoodsafetyinnovation.com\/sitio\/grupos-exclusivos\/#breadcrumb\",\"itemListElement\":[{\"@type\":\"ListItem\",\"position\":1,\"name\":\"Portada\",\"item\":\"https:\/\/www.ideafoodsafetyinnovation.com\/sitio\/\"},{\"@type\":\"ListItem\",\"position\":2,\"name\":\"Grupos exclusivos\"}]},{\"@type\":\"WebSite\",\"@id\":\"https:\/\/www.ideafoodsafetyinnovation.com\/sitio\/#website\",\"url\":\"https:\/\/www.ideafoodsafetyinnovation.com\/sitio\/\",\"name\":\"FSI\",\"description\":\"Cursos\",\"potentialAction\":[{\"@type\":\"SearchAction\",\"target\":{\"@type\":\"EntryPoint\",\"urlTemplate\":\"https:\/\/www.ideafoodsafetyinnovation.com\/sitio\/?s={search_term_string}\"},\"query-input\":{\"@type\":\"PropertyValueSpecification\",\"valueRequired\":true,\"valueName\":\"search_term_string\"}}],\"inLanguage\":\"es\"}]}<\/script>\n<!-- \/ Yoast SEO plugin. -->","yoast_head_json":{"title":"Grupos exclusivos - FSI","robots":{"index":"index","follow":"follow","max-snippet":"max-snippet:-1","max-image-preview":"max-image-preview:large","max-video-preview":"max-video-preview:-1"},"canonical":"https:\/\/www.ideafoodsafetyinnovation.com\/sitio\/grupos-exclusivos\/","og_locale":"es_ES","og_type":"article","og_title":"Grupos exclusivos - FSI","og_description":"Otros Servicios Grupos exclusivos IDEA FSI te ofrece la opci\u00f3n de Grupos exclusivos para tu empresa. Las modalidades de capacitaci\u00f3n para grupos exclusivos son presenciales o en l\u00ednea en modalidad grabada. Los grupos exclusivos tambi\u00e9n pueden ser contratados por empresas, instituciones, c\u00e1maras y asociaciones como un medio para dar un servicio al cliente, valor agregado [&hellip;]","og_url":"https:\/\/www.ideafoodsafetyinnovation.com\/sitio\/grupos-exclusivos\/","og_site_name":"FSI","article_modified_time":"2020-11-23T23:10:40+00:00","twitter_card":"summary_large_image","twitter_misc":{"Tiempo de lectura":"4 minutos"},"schema":{"@context":"https:\/\/schema.org","@graph":[{"@type":"WebPage","@id":"https:\/\/www.ideafoodsafetyinnovation.com\/sitio\/grupos-exclusivos\/","url":"https:\/\/www.ideafoodsafetyinnovation.com\/sitio\/grupos-exclusivos\/","name":"Grupos exclusivos - FSI","isPartOf":{"@id":"https:\/\/www.ideafoodsafetyinnovation.com\/sitio\/#website"},"datePublished":"2020-07-10T01:34:14+00:00","dateModified":"2020-11-23T23:10:40+00:00","breadcrumb":{"@id":"https:\/\/www.ideafoodsafetyinnovation.com\/sitio\/grupos-exclusivos\/#breadcrumb"},"inLanguage":"es","potentialAction":[{"@type":"ReadAction","target":["https:\/\/www.ideafoodsafetyinnovation.com\/sitio\/grupos-exclusivos\/"]}]},{"@type":"BreadcrumbList","@id":"https:\/\/www.ideafoodsafetyinnovation.com\/sitio\/grupos-exclusivos\/#breadcrumb","itemListElement":[{"@type":"ListItem","position":1,"name":"Portada","item":"https:\/\/www.ideafoodsafetyinnovation.com\/sitio\/"},{"@type":"ListItem","position":2,"name":"Grupos exclusivos"}]},{"@type":"WebSite","@id":"https:\/\/www.ideafoodsafetyinnovation.com\/sitio\/#website","url":"https:\/\/www.ideafoodsafetyinnovation.com\/sitio\/","name":"FSI","description":"Cursos","potentialAction":[{"@type":"SearchAction","target":{"@type":"EntryPoint","urlTemplate":"https:\/\/www.ideafoodsafetyinnovation.com\/sitio\/?s={search_term_string}"},"query-input":{"@type":"PropertyValueSpecification","valueRequired":true,"valueName":"search_term_string"}}],"inLanguage":"es"}]}},"_links":{"self":[{"href":"https:\/\/www.ideafoodsafetyinnovation.com\/sitio\/wp-json\/wp\/v2\/pages\/185","targetHints":{"allow":["GET"]}}],"collection":[{"href":"https:\/\/www.ideafoodsafetyinnovation.com\/sitio\/wp-json\/wp\/v2\/pages"}],"about":[{"href":"https:\/\/www.ideafoodsafetyinnovation.com\/sitio\/wp-json\/wp\/v2\/types\/page"}],"author":[{"embeddable":true,"href":"https:\/\/www.ideafoodsafetyinnovation.com\/sitio\/wp-json\/wp\/v2\/users\/1"}],"replies":[{"embeddable":true,"href":"https:\/\/www.ideafoodsafetyinnovation.com\/sitio\/wp-json\/wp\/v2\/comments?post=185"}],"version-history":[{"count":8,"href":"https:\/\/www.ideafoodsafetyinnovation.com\/sitio\/wp-json\/wp\/v2\/pages\/185\/revisions"}],"predecessor-version":[{"id":1415,"href":"https:\/\/www.ideafoodsafetyinnovation.com\/sitio\/wp-json\/wp\/v2\/pages\/185\/revisions\/1415"}],"wp:attachment":[{"href":"https:\/\/www.ideafoodsafetyinnovation.com\/sitio\/wp-json\/wp\/v2\/media?parent=185"}],"curies":[{"name":"wp","href":"https:\/\/api.w.org\/{rel}","templated":true}]}}