{"id":422,"date":"2020-08-24T11:39:58","date_gmt":"2020-08-24T16:39:58","guid":{"rendered":"http:\/\/www.portalmedia.com.mx\/fsi\/?page_id=422"},"modified":"2021-01-22T16:03:38","modified_gmt":"2021-01-22T21:03:38","slug":"profesional-en-manejo-higienico-de-alimentos-por-nrfsp","status":"publish","type":"page","link":"https:\/\/www.ideafoodsafetyinnovation.com\/sitio\/profesional-en-manejo-higienico-de-alimentos-por-nrfsp\/","title":{"rendered":"Profesional en Manejo Higi\u00e9nico de Alimentos por NRFSP (Food Safety Manager)"},"content":{"rendered":"<p>[et_pb_section fb_built=\u00bb1&#8243; custom_padding_last_edited=\u00bbon|phone\u00bb admin_label=\u00bbHero\u00bb _builder_version=\u00bb4.5.7&#8243; use_background_color_gradient=\u00bbon\u00bb background_color_gradient_start=\u00bbrgba(0,0,0,0.4)\u00bb background_color_gradient_end=\u00bbrgba(0,0,0,0.5)\u00bb background_color_gradient_overlays_image=\u00bbon\u00bb background_image=\u00bbhttp:\/\/www.ideafoodsafetyinnovation.com\/sitio\/\/wp-content\/uploads\/2020\/08\/portada-fsi-nosotros.jpg\u00bb background_position=\u00bbbottom_right\u00bb custom_margin=\u00bb|5vw||\u00bb custom_padding=\u00bb2vw||2vw||true|false\u00bb custom_padding_tablet=\u00bb100px||100px|\u00bb custom_padding_phone=\u00bb|||\u00bb animation_style=\u00bbslide\u00bb animation_direction=\u00bbleft\u00bb animation_intensity_slide=\u00bb5%\u00bb border_radii=\u00bb|||30vw|\u00bb border_color_all=\u00bb#0ee1f4&#8243; border_width_right=\u00bb2vw\u00bb border_color_right=\u00bb#7f3078&#8243; box_shadow_style=\u00bbpreset4&#8243; box_shadow_horizontal=\u00bb20px\u00bb box_shadow_vertical=\u00bb0px\u00bb box_shadow_color=\u00bbrgba(127,48,120,0.86)\u00bb][et_pb_row _builder_version=\u00bb4.5.7&#8243; custom_padding=\u00bb0|0px|27px|0px\u00bb][et_pb_column type=\u00bb4_4&#8243; _builder_version=\u00bb3.25&#8243; custom_padding=\u00bb|||\u00bb custom_padding__hover=\u00bb|||\u00bb][et_pb_text admin_label=\u00bbText\u00bb _builder_version=\u00bb4.5.7&#8243; text_font=\u00bbMontserrat|300|||||||\u00bb text_font_size=\u00bb22px\u00bb text_line_height=\u00bb1.8em\u00bb ul_font=\u00bb||||||||\u00bb header_font=\u00bbMontserrat|||on|||||\u00bb header_font_size=\u00bb40px\u00bb header_line_height=\u00bb1.2em\u00bb text_orientation=\u00bbcenter\u00bb background_layout=\u00bbdark\u00bb module_alignment=\u00bbcenter\u00bb custom_padding=\u00bb20px||||false|false\u00bb text_line_height_tablet=\u00bb2em\u00bb text_line_height_phone=\u00bb2em\u00bb text_line_height_last_edited=\u00bboff|desktop\u00bb header_font_size_tablet=\u00bb40px\u00bb header_font_size_phone=\u00bb\u00bb header_font_size_last_edited=\u00bbon|tablet\u00bb header_line_height_tablet=\u00bb1.2em\u00bb header_line_height_phone=\u00bb1.1em\u00bb header_line_height_last_edited=\u00bbon|phone\u00bb header_text_shadow_style=\u00bbpreset3&#8243; header_text_shadow_color=\u00bbrgba(0,0,0,0.06)\u00bb]<\/p>\n<h1>Certificados y Reconocimientos<\/h1>\n<p>[\/et_pb_text][\/et_pb_column][\/et_pb_row][\/et_pb_section][et_pb_section fb_built=\u00bb1&#8243; _builder_version=\u00bb4.5.7&#8243; custom_margin=\u00bb50px||0px||false|false\u00bb custom_padding=\u00bb0px||0px||false|false\u00bb][et_pb_row column_structure=\u00bb1_2,1_2&#8243; _builder_version=\u00bb4.5.7&#8243; custom_margin=\u00bb||0px||false|false\u00bb custom_margin_tablet=\u00bb||0px|\u00bb custom_margin_last_edited=\u00bboff|desktop\u00bb use_custom_width=\u00bbon\u00bb width_unit=\u00bboff\u00bb custom_width_percent=\u00bb100%\u00bb][et_pb_column type=\u00bb1_2&#8243; _builder_version=\u00bb4.5.7&#8243; custom_padding_tablet=\u00bb0px|50px|50px|50px\u00bb custom_padding_last_edited=\u00bboff|desktop\u00bb padding_tablet=\u00bb0px|50px|50px|50px\u00bb padding_last_edited=\u00bbon|desktop\u00bb custom_padding__hover=\u00bb|||\u00bb][et_pb_text _builder_version=\u00bb4.7.7&#8243; text_font=\u00bbMontserrat|300|||||||\u00bb text_font_size=\u00bb16px\u00bb text_line_height=\u00bb1.8em\u00bb header_font=\u00bb||||||||\u00bb header_2_font=\u00bbMontserrat|||on|||||\u00bb header_2_text_align=\u00bbleft\u00bb header_2_font_size=\u00bb30px\u00bb header_2_line_height=\u00bb1.5em\u00bb max_width=\u00bb600px\u00bb custom_margin=\u00bb70px||0px||false|false\u00bb custom_margin_tablet=\u00bb0px|50px||50px\u00bb custom_margin_phone=\u00bb0px||||false|false\u00bb custom_margin_last_edited=\u00bbon|phone\u00bb header_2_font_size_tablet=\u00bb\u00bb header_2_font_size_phone=\u00bb30px\u00bb header_2_font_size_last_edited=\u00bbon|phone\u00bb]<\/p>\n<h1>Profesional en Manejo Higi\u00e9nico de Alimentos por NRFSP (Food Safety Manager)<\/h1>\n<p>[\/et_pb_text][et_pb_divider divider_weight=\u00bb5px\u00bb _builder_version=\u00bb4.5.7&#8243; custom_margin=\u00bb||10px||false|false\u00bb custom_padding=\u00bb10px||||false|false\u00bb][\/et_pb_divider][et_pb_text _builder_version=\u00bb4.5.7&#8243; text_font=\u00bbMontserrat||||||||\u00bb text_line_height=\u00bb2.6em\u00bb text_orientation=\u00bbjustified\u00bb custom_margin=\u00bb0px||||false|false\u00bb custom_padding=\u00bb0px||||false|false\u00bb]<\/p>\n<p><span>Los ex\u00e1menes del NRFSP est\u00e1n acreditados por el Instituto Americano de Est\u00e1ndares Nacionales (ANSI, por sus siglas en ingl\u00e9s) bajo los est\u00e1ndares de la Asamblea para la Protecci\u00f3n de Alimentos (CFP, por sus siglas en ingl\u00e9s) de los Estados Unidos.\u00a0<\/span><strong>IDEA FSI est\u00e1 acreditado por el NRFSP para aplicar sus ex\u00e1menes en M\u00e9xico<\/strong><span>.<\/span><\/p>\n<p>[\/et_pb_text][\/et_pb_column][et_pb_column type=\u00bb1_2&#8243; _builder_version=\u00bb4.5.7&#8243; custom_padding=\u00bb|||\u00bb custom_padding__hover=\u00bb|||\u00bb][et_pb_image src=\u00bbhttp:\/\/www.ideafoodsafetyinnovation.com\/sitio\/\/wp-content\/uploads\/2020\/08\/487-1-scaled.jpg\u00bb title_text=\u00bbClose up view of a young female worried worker in sterile cloths\u00bb force_fullwidth=\u00bbon\u00bb align_tablet=\u00bbcenter\u00bb align_phone=\u00bb\u00bb align_last_edited=\u00bbon|desktop\u00bb _builder_version=\u00bb4.5.7&#8243; custom_margin=\u00bb|||\u00bb custom_padding=\u00bb|||\u00bb animation_style=\u00bbslide\u00bb animation_direction=\u00bbright\u00bb animation_intensity_slide=\u00bb5%\u00bb border_radii=\u00bb|30px|||30px\u00bb border_color_all=\u00bb#2f8cff\u00bb border_width_bottom=\u00bb2vw\u00bb border_color_bottom=\u00bb#7f3078&#8243; box_shadow_style=\u00bbpreset3&#8243; box_shadow_vertical=\u00bb30px\u00bb box_shadow_blur=\u00bb80px\u00bb box_shadow_spread=\u00bb-30px\u00bb box_shadow_color=\u00bbrgba(102,141,186,0.7)\u00bb][\/et_pb_image][\/et_pb_column][\/et_pb_row][et_pb_row _builder_version=\u00bb4.5.7&#8243; _module_preset=\u00bbdefault\u00bb custom_margin=\u00bb10px||50px||false|false\u00bb custom_padding=\u00bb0px||||false|false\u00bb][et_pb_column type=\u00bb4_4&#8243; _builder_version=\u00bb4.5.7&#8243; _module_preset=\u00bbdefault\u00bb][et_pb_text _builder_version=\u00bb4.7.4&#8243; _module_preset=\u00bbdefault\u00bb text_font=\u00bbMontserrat||||||||\u00bb header_text_align=\u00bbjustify\u00bb text_orientation=\u00bbjustified\u00bb]<\/p>\n<p>IDEA FSI\u00a0est\u00e1 acreditado por el\u00a0Registro Nacional de Profesionales en Inocuidad Alimentaria de Estados Unidos\u00a0(NRFSP por sus siglas en ingl\u00e9s) para aplicar sus ex\u00e1menes en M\u00e9xico. El NRFSP es un organismo reconocido internacionalmente dedicado principalmente a certificar y reconocer a los manejadores de alimentos como Profesional en el Manejo Higi\u00e9nico de Alimentos (certificaci\u00f3n) y como Manejador de Alimentos (reconocimiento).<\/p>\n<p><a href=\"http:\/\/www.haccpalliance.org\/sub\/index.html\">Para mas informaci\u00f3n has click aqu\u00ed.<\/a>[\/et_pb_text][\/et_pb_column][\/et_pb_row][\/et_pb_section][et_pb_section fb_built=\u00bb1&#8243; _builder_version=\u00bb4.5.7&#8243; _module_preset=\u00bbdefault\u00bb background_color=\u00bb#f4f4f4&#8243; border_radii=\u00bboff|30vw|||\u00bb][et_pb_row _builder_version=\u00bb4.5.7&#8243; _module_preset=\u00bbdefault\u00bb custom_margin=\u00bb||0px||false|false\u00bb custom_padding=\u00bb||20px||false|false\u00bb][et_pb_column type=\u00bb4_4&#8243; _builder_version=\u00bb4.5.7&#8243; _module_preset=\u00bbdefault\u00bb][et_pb_text _builder_version=\u00bb4.7.7&#8243; text_font=\u00bbMontserrat|300|||||||\u00bb text_font_size=\u00bb16px\u00bb text_line_height=\u00bb1.8em\u00bb header_font=\u00bb||||||||\u00bb header_2_font=\u00bbMontserrat|||on|||||\u00bb header_2_text_align=\u00bbleft\u00bb header_2_font_size=\u00bb30px\u00bb header_2_line_height=\u00bb1.5em\u00bb max_width=\u00bb745px\u00bb custom_margin=\u00bb||0px||false|false\u00bb custom_margin_tablet=\u00bb0px|50px||50px\u00bb custom_margin_last_edited=\u00bboff|desktop\u00bb custom_padding=\u00bb|||30px|false|false\u00bb header_2_font_size_tablet=\u00bb\u00bb header_2_font_size_phone=\u00bb30px\u00bb header_2_font_size_last_edited=\u00bbon|phone\u00bb]<\/p>\n<h1>Informaci\u00f3n de la Certificaci\u00f3n<\/h1>\n<p>[\/et_pb_text][et_pb_divider divider_weight=\u00bb5px\u00bb _builder_version=\u00bb4.5.7&#8243; custom_margin=\u00bb||10px||false|false\u00bb custom_padding=\u00bb10px||||false|false\u00bb][\/et_pb_divider][\/et_pb_column][\/et_pb_row][et_pb_row column_structure=\u00bb2_5,3_5&#8243; custom_padding_last_edited=\u00bbon|phone\u00bb _builder_version=\u00bb4.5.7&#8243; _module_preset=\u00bbdefault\u00bb width=\u00bb84%\u00bb custom_margin=\u00bb-53px||-53px||true|false\u00bb custom_margin_tablet=\u00bb\u00bb custom_margin_phone=\u00bb\u00bb custom_margin_last_edited=\u00bbon|phone\u00bb custom_padding=\u00bb||0px||false|false\u00bb custom_padding_tablet=\u00bb\u00bb custom_padding_phone=\u00bb0px||0px||false|false\u00bb][et_pb_column type=\u00bb2_5&#8243; _builder_version=\u00bb4.5.7&#8243; _module_preset=\u00bbdefault\u00bb][et_pb_image src=\u00bbhttp:\/\/www.ideafoodsafetyinnovation.com\/sitio\/\/wp-content\/uploads\/2020\/08\/certificado.jpg\u00bb title_text=\u00bbcertificado\u00bb _builder_version=\u00bb4.5.7&#8243; _module_preset=\u00bbdefault\u00bb][\/et_pb_image][\/et_pb_column][et_pb_column type=\u00bb3_5&#8243; _builder_version=\u00bb4.5.7&#8243; _module_preset=\u00bbdefault\u00bb][et_pb_tabs _builder_version=\u00bb4.8.1&#8243; _module_preset=\u00bbdefault\u00bb width=\u00bb100%\u00bb hover_enabled=\u00bb0&#8243; sticky_enabled=\u00bb0&#8243;][et_pb_tab title=\u00bbDiploma\u00bb _builder_version=\u00bb4.5.7&#8243; _module_preset=\u00bbdefault\u00bb]<\/p>\n<p><span>Al presentar y aprobar el examen con un puntaje de 75 % o superior, se obtiene una licencia de certificaci\u00f3n del participante como\u00a0<\/span><strong>Profesional en Manejo Higi\u00e9nico de los Alimentos<\/strong><span>\u00a0v\u00e1lida por 5 a\u00f1os ; as\u00ed como un Diploma donde se especifican los rubros del examen:<\/span><\/p>\n<ul>\n<li>Aseguramiento de la protecci\u00f3n de alimentos.<\/li>\n<li>Compras y recibo de alimentos.<\/li>\n<li>Abastecimiento y almacenamiento de alimentos.<\/li>\n<li>Preparaci\u00f3n, servicio y exhibici\u00f3n de alimentos.<\/li>\n<li>Mantenimiento y limpieza de equipo e instalaciones.<\/li>\n<li>Higiene personal y conductas relacionadas con la inocuidad de alimentos.<\/li>\n<li>Cumplimiento de las leyes.**<\/li>\n<\/ul>\n<p>[\/et_pb_tab][et_pb_tab title=\u00bbPrecios\u00bb _builder_version=\u00bb4.5.7&#8243; _module_preset=\u00bbdefault\u00bb]<\/p>\n<p><strong>S\u00f3lo examen de certificaci\u00f3n:<\/strong><span>\u00a0<\/span>$3,700 pesos<br \/><strong>Paquete examen de certificaci\u00f3n + curso de capacitaci\u00f3n de 36 horas:<\/strong><span>\u00a0<\/span>$6,380 pesos<\/p>\n<hr class=\"hr\" \/>\n<p>El costo del examen incluye:<\/p>\n<ul class=\"sm\">\n<li>El libro de estudio \u201cPrimeros principios de seguridad alimentaria para manipuladores de alimentos\u201d en espa\u00f1ol del NRFSP.<\/li>\n<li>Gu\u00eda de preguntas elaborada por IDEA FSI para estudio.<\/li>\n<li>Ex\u00e1menes de prueba tipo NRFSP en la plataforma de IDEA FSI.<\/li>\n<li>La aplicaci\u00f3n del examen en l\u00ednea por un Administrador de ex\u00e1menes NRFSP de IDEA FSI.<\/li>\n<li>El certificado NRFSP para las personas que hayan aprobado el examen.<\/li>\n<li>El env\u00edo nacional del libro y del certificado en caso de haber aprobado.<\/li>\n<\/ul>\n<p>[\/et_pb_tab][et_pb_tab title=\u00bbFechas\u00bb _builder_version=\u00bb4.7.4&#8243; _module_preset=\u00bbdefault\u00bb]Para consultar las fechas disponibles env\u00edanos un correo a  <a href=\"mailto:cursos@ideafoodsafetyinnovation.com \">cursos@ideafoodsafetyinnovation.com <\/a>.[\/et_pb_tab][et_pb_tab title=\u00bbPol\u00edticas\u00bb _builder_version=\u00bb4.5.7&#8243; _module_preset=\u00bbdefault\u00bb]<\/p>\n<ul class=\"lista\">\n<li>El examen de certificaci\u00f3n se lleva a cabo de acuerdo a la programaci\u00f3n de IDEA FSI.<\/li>\n<li>IDEA FSI tambi\u00e9n puede aplicar el examen a grupos exclusivos de empresas, establecimientos y\/o universidades en fechas acordadas previamente por los interesados y los administradores de IDEA.<\/li>\n<li>La aplicaci\u00f3n y costo del examen para grupos exclusivos se cotiza por separado.<\/li>\n<li>El examen de certificaci\u00f3n es en l\u00ednea y se presenta de manera presencial en las sedes preestablecidas por IDEA FSI.<\/li>\n<li>Una vez realizado el pago no se realizar\u00e1 reembolso, en caso que el participante no pueda asistir a presentar el examen de certificaci\u00f3n puede transferir su lugar a otra persona o aplicar en la siguiente fecha programada por IDEA FSI (es necesario avisar con una semana de anticipaci\u00f3n a la fecha programada para el examen de certificaci\u00f3n).<\/li>\n<li>El certificado NRFSP solo se entrega a las personas que aprobaron el examen, de acuerdo a la revisi\u00f3n realizada por el NRFSP.<\/li>\n<\/ul>\n<p>&nbsp;<\/p>\n<p><strong>Para el d\u00eda del examen<\/strong><\/p>\n<ul class=\"lista sm\">\n<li>El participante debe portar una identificaci\u00f3n oficial con fotograf\u00eda, la cual mostrar\u00e1 al Administrador de IDEA FSI en el momento en que ingresa a la sala en donde se llevar\u00e1 a cabo el examen, o bien, al momento en que se realice el registro en el sistema NRFSP. Los participantes que no presenten una identificaci\u00f3n NO podr\u00e1n presentar el examen y deber\u00e1n abandonar la sala.<\/li>\n<li>El Administrador de IDEA FSI tiene prohibido, por pol\u00edticas del NRFSP, ayudar a los participantes a contestar el examen, resolver dudas acerca de las preguntas o los temas del examen. Est\u00e1 prohibido comer, fumar, masticar chicle o beber durante el examen.<\/li>\n<li>No est\u00e1 permitido el uso de gorras, viseras, sombreros o lentes oscuros durante el examen.<\/li>\n<li>No est\u00e1 permitido por parte del participante el uso de c\u00e1maras de video o fotogr\u00e1ficas, grabadoras, radios, tel\u00e9fonos m\u00f3viles, computadoras, notas, material de referencia, cuadernos, maletines, mochilas, carteras o bolsos mientras se est\u00e1 llevando a cabo el examen. El Administrador de IDEA FSI solicitar\u00e1 a los participantes guardar estos art\u00edculos en alg\u00fan lugar de la sala, y apagar los dispositivos.<\/li>\n<li>Est\u00e1 prohibida la entrada a visitantes. En la sala en donde se lleva a cabo el examen \u00fanicamente pueden estar presentes los candidatos y el Administrador de IDEA FSI.<\/li>\n<li>Es sumamente importante que durante el examen se escuche con atenci\u00f3n y se siga al pie de la letra cada una de las instrucciones proporcionadas por el Administrador de IDEA FSI. Cualquier error al momento de realizar el registro podr\u00eda invalidarlo y no permitir que \u00e9ste sea calificado por el NRFSP.<\/li>\n<\/ul>\n<p>[\/et_pb_tab][et_pb_tab title=\u00bbFolletos\u00bb _builder_version=\u00bb4.8.1&#8243; _module_preset=\u00bbdefault\u00bb hover_enabled=\u00bb0&#8243; sticky_enabled=\u00bb0&#8243;]<a href=\"http:\/\/www.ideafoodsafetyinnovation.com\/sitio\/wp-content\/uploads\/2021\/01\/1.-Profesional-Manejo-Higienico-Alimentos.pdf\" target=\"_blank\" rel=\"noopener noreferrer\">Servicio de certificaci\u00f3n por parte del National Registry of Food Safety Professionals de los Estados Unidos<\/a>[\/et_pb_tab][\/et_pb_tabs][\/et_pb_column][\/et_pb_row][\/et_pb_section]<\/p>\n","protected":false},"excerpt":{"rendered":"<p>Certificados y ReconocimientosProfesional en Manejo Higi\u00e9nico de Alimentos por NRFSP (Food Safety Manager)Los ex\u00e1menes del NRFSP est\u00e1n acreditados por el Instituto Americano de Est\u00e1ndares Nacionales (ANSI, por sus siglas en ingl\u00e9s) bajo los est\u00e1ndares de la Asamblea para la Protecci\u00f3n de Alimentos (CFP, por sus siglas en ingl\u00e9s) de los Estados Unidos.\u00a0IDEA FSI est\u00e1 acreditado [&hellip;]<\/p>\n","protected":false},"author":1,"featured_media":0,"parent":0,"menu_order":0,"comment_status":"closed","ping_status":"closed","template":"","meta":{"_et_pb_use_builder":"on","_et_pb_old_content":"","_et_gb_content_width":"","footnotes":""},"class_list":["post-422","page","type-page","status-publish","hentry"],"yoast_head":"<!-- This site is optimized with the Yoast SEO plugin v25.3.1 - https:\/\/yoast.com\/wordpress\/plugins\/seo\/ -->\n<title>Profesional en Manejo Higi\u00e9nico de Alimentos por NRFSP (Food Safety Manager) - FSI<\/title>\n<meta name=\"robots\" content=\"index, follow, max-snippet:-1, max-image-preview:large, max-video-preview:-1\" \/>\n<link rel=\"canonical\" href=\"https:\/\/www.ideafoodsafetyinnovation.com\/sitio\/profesional-en-manejo-higienico-de-alimentos-por-nrfsp\/\" \/>\n<meta property=\"og:locale\" content=\"es_ES\" \/>\n<meta property=\"og:type\" content=\"article\" \/>\n<meta property=\"og:title\" content=\"Profesional en Manejo Higi\u00e9nico de Alimentos por NRFSP (Food Safety Manager) - FSI\" \/>\n<meta property=\"og:description\" content=\"Certificados y ReconocimientosProfesional en Manejo Higi\u00e9nico de Alimentos por NRFSP (Food Safety Manager)Los ex\u00e1menes del NRFSP est\u00e1n acreditados por el Instituto Americano de Est\u00e1ndares Nacionales (ANSI, por sus siglas en ingl\u00e9s) bajo los est\u00e1ndares de la Asamblea para la Protecci\u00f3n de Alimentos (CFP, por sus siglas en ingl\u00e9s) de los Estados Unidos.\u00a0IDEA FSI est\u00e1 acreditado [&hellip;]\" \/>\n<meta property=\"og:url\" content=\"https:\/\/www.ideafoodsafetyinnovation.com\/sitio\/profesional-en-manejo-higienico-de-alimentos-por-nrfsp\/\" \/>\n<meta property=\"og:site_name\" content=\"FSI\" \/>\n<meta property=\"article:modified_time\" content=\"2021-01-22T21:03:38+00:00\" \/>\n<meta name=\"twitter:card\" content=\"summary_large_image\" \/>\n<meta name=\"twitter:label1\" content=\"Tiempo de lectura\" \/>\n\t<meta name=\"twitter:data1\" content=\"9 minutos\" \/>\n<script type=\"application\/ld+json\" class=\"yoast-schema-graph\">{\"@context\":\"https:\/\/schema.org\",\"@graph\":[{\"@type\":\"WebPage\",\"@id\":\"https:\/\/www.ideafoodsafetyinnovation.com\/sitio\/profesional-en-manejo-higienico-de-alimentos-por-nrfsp\/\",\"url\":\"https:\/\/www.ideafoodsafetyinnovation.com\/sitio\/profesional-en-manejo-higienico-de-alimentos-por-nrfsp\/\",\"name\":\"Profesional en Manejo Higi\u00e9nico de Alimentos por NRFSP (Food Safety Manager) - FSI\",\"isPartOf\":{\"@id\":\"https:\/\/www.ideafoodsafetyinnovation.com\/sitio\/#website\"},\"datePublished\":\"2020-08-24T16:39:58+00:00\",\"dateModified\":\"2021-01-22T21:03:38+00:00\",\"breadcrumb\":{\"@id\":\"https:\/\/www.ideafoodsafetyinnovation.com\/sitio\/profesional-en-manejo-higienico-de-alimentos-por-nrfsp\/#breadcrumb\"},\"inLanguage\":\"es\",\"potentialAction\":[{\"@type\":\"ReadAction\",\"target\":[\"https:\/\/www.ideafoodsafetyinnovation.com\/sitio\/profesional-en-manejo-higienico-de-alimentos-por-nrfsp\/\"]}]},{\"@type\":\"BreadcrumbList\",\"@id\":\"https:\/\/www.ideafoodsafetyinnovation.com\/sitio\/profesional-en-manejo-higienico-de-alimentos-por-nrfsp\/#breadcrumb\",\"itemListElement\":[{\"@type\":\"ListItem\",\"position\":1,\"name\":\"Portada\",\"item\":\"https:\/\/www.ideafoodsafetyinnovation.com\/sitio\/\"},{\"@type\":\"ListItem\",\"position\":2,\"name\":\"Profesional en Manejo Higi\u00e9nico de Alimentos por NRFSP (Food Safety Manager)\"}]},{\"@type\":\"WebSite\",\"@id\":\"https:\/\/www.ideafoodsafetyinnovation.com\/sitio\/#website\",\"url\":\"https:\/\/www.ideafoodsafetyinnovation.com\/sitio\/\",\"name\":\"FSI\",\"description\":\"Cursos\",\"potentialAction\":[{\"@type\":\"SearchAction\",\"target\":{\"@type\":\"EntryPoint\",\"urlTemplate\":\"https:\/\/www.ideafoodsafetyinnovation.com\/sitio\/?s={search_term_string}\"},\"query-input\":{\"@type\":\"PropertyValueSpecification\",\"valueRequired\":true,\"valueName\":\"search_term_string\"}}],\"inLanguage\":\"es\"}]}<\/script>\n<!-- \/ Yoast SEO plugin. -->","yoast_head_json":{"title":"Profesional en Manejo Higi\u00e9nico de Alimentos por NRFSP (Food Safety Manager) - FSI","robots":{"index":"index","follow":"follow","max-snippet":"max-snippet:-1","max-image-preview":"max-image-preview:large","max-video-preview":"max-video-preview:-1"},"canonical":"https:\/\/www.ideafoodsafetyinnovation.com\/sitio\/profesional-en-manejo-higienico-de-alimentos-por-nrfsp\/","og_locale":"es_ES","og_type":"article","og_title":"Profesional en Manejo Higi\u00e9nico de Alimentos por NRFSP (Food Safety Manager) - FSI","og_description":"Certificados y ReconocimientosProfesional en Manejo Higi\u00e9nico de Alimentos por NRFSP (Food Safety Manager)Los ex\u00e1menes del NRFSP est\u00e1n acreditados por el Instituto Americano de Est\u00e1ndares Nacionales (ANSI, por sus siglas en ingl\u00e9s) bajo los est\u00e1ndares de la Asamblea para la Protecci\u00f3n de Alimentos (CFP, por sus siglas en ingl\u00e9s) de los Estados Unidos.\u00a0IDEA FSI est\u00e1 acreditado [&hellip;]","og_url":"https:\/\/www.ideafoodsafetyinnovation.com\/sitio\/profesional-en-manejo-higienico-de-alimentos-por-nrfsp\/","og_site_name":"FSI","article_modified_time":"2021-01-22T21:03:38+00:00","twitter_card":"summary_large_image","twitter_misc":{"Tiempo de lectura":"9 minutos"},"schema":{"@context":"https:\/\/schema.org","@graph":[{"@type":"WebPage","@id":"https:\/\/www.ideafoodsafetyinnovation.com\/sitio\/profesional-en-manejo-higienico-de-alimentos-por-nrfsp\/","url":"https:\/\/www.ideafoodsafetyinnovation.com\/sitio\/profesional-en-manejo-higienico-de-alimentos-por-nrfsp\/","name":"Profesional en Manejo Higi\u00e9nico de Alimentos por NRFSP (Food Safety Manager) - FSI","isPartOf":{"@id":"https:\/\/www.ideafoodsafetyinnovation.com\/sitio\/#website"},"datePublished":"2020-08-24T16:39:58+00:00","dateModified":"2021-01-22T21:03:38+00:00","breadcrumb":{"@id":"https:\/\/www.ideafoodsafetyinnovation.com\/sitio\/profesional-en-manejo-higienico-de-alimentos-por-nrfsp\/#breadcrumb"},"inLanguage":"es","potentialAction":[{"@type":"ReadAction","target":["https:\/\/www.ideafoodsafetyinnovation.com\/sitio\/profesional-en-manejo-higienico-de-alimentos-por-nrfsp\/"]}]},{"@type":"BreadcrumbList","@id":"https:\/\/www.ideafoodsafetyinnovation.com\/sitio\/profesional-en-manejo-higienico-de-alimentos-por-nrfsp\/#breadcrumb","itemListElement":[{"@type":"ListItem","position":1,"name":"Portada","item":"https:\/\/www.ideafoodsafetyinnovation.com\/sitio\/"},{"@type":"ListItem","position":2,"name":"Profesional en Manejo Higi\u00e9nico de Alimentos por NRFSP (Food Safety Manager)"}]},{"@type":"WebSite","@id":"https:\/\/www.ideafoodsafetyinnovation.com\/sitio\/#website","url":"https:\/\/www.ideafoodsafetyinnovation.com\/sitio\/","name":"FSI","description":"Cursos","potentialAction":[{"@type":"SearchAction","target":{"@type":"EntryPoint","urlTemplate":"https:\/\/www.ideafoodsafetyinnovation.com\/sitio\/?s={search_term_string}"},"query-input":{"@type":"PropertyValueSpecification","valueRequired":true,"valueName":"search_term_string"}}],"inLanguage":"es"}]}},"_links":{"self":[{"href":"https:\/\/www.ideafoodsafetyinnovation.com\/sitio\/wp-json\/wp\/v2\/pages\/422","targetHints":{"allow":["GET"]}}],"collection":[{"href":"https:\/\/www.ideafoodsafetyinnovation.com\/sitio\/wp-json\/wp\/v2\/pages"}],"about":[{"href":"https:\/\/www.ideafoodsafetyinnovation.com\/sitio\/wp-json\/wp\/v2\/types\/page"}],"author":[{"embeddable":true,"href":"https:\/\/www.ideafoodsafetyinnovation.com\/sitio\/wp-json\/wp\/v2\/users\/1"}],"replies":[{"embeddable":true,"href":"https:\/\/www.ideafoodsafetyinnovation.com\/sitio\/wp-json\/wp\/v2\/comments?post=422"}],"version-history":[{"count":28,"href":"https:\/\/www.ideafoodsafetyinnovation.com\/sitio\/wp-json\/wp\/v2\/pages\/422\/revisions"}],"predecessor-version":[{"id":1595,"href":"https:\/\/www.ideafoodsafetyinnovation.com\/sitio\/wp-json\/wp\/v2\/pages\/422\/revisions\/1595"}],"wp:attachment":[{"href":"https:\/\/www.ideafoodsafetyinnovation.com\/sitio\/wp-json\/wp\/v2\/media?parent=422"}],"curies":[{"name":"wp","href":"https:\/\/api.w.org\/{rel}","templated":true}]}}