{"id":493,"date":"2020-08-24T16:12:39","date_gmt":"2020-08-24T21:12:39","guid":{"rendered":"http:\/\/www.portalmedia.com.mx\/fsi\/?page_id=493"},"modified":"2020-12-03T14:51:41","modified_gmt":"2020-12-03T19:51:41","slug":"individuo-calificado-en-controles-preventivos-para-alimentos-para-consumo-humano-fspca","status":"publish","type":"page","link":"https:\/\/www.ideafoodsafetyinnovation.com\/sitio\/individuo-calificado-en-controles-preventivos-para-alimentos-para-consumo-humano-fspca\/","title":{"rendered":"Individuo calificado en controles preventivos para alimentos para consumo humano FSPCA"},"content":{"rendered":"<p>[et_pb_section fb_built=\u00bb1&#8243; custom_padding_last_edited=\u00bbon|phone\u00bb admin_label=\u00bbHero\u00bb _builder_version=\u00bb4.5.7&#8243; use_background_color_gradient=\u00bbon\u00bb background_color_gradient_start=\u00bbrgba(0,0,0,0.4)\u00bb background_color_gradient_end=\u00bbrgba(0,0,0,0.5)\u00bb background_color_gradient_overlays_image=\u00bbon\u00bb background_image=\u00bbhttp:\/\/www.ideafoodsafetyinnovation.com\/sitio\/\/wp-content\/uploads\/2020\/08\/portada-fsi-nosotros.jpg\u00bb background_position=\u00bbbottom_right\u00bb custom_margin=\u00bb|5vw||\u00bb custom_padding=\u00bb2vw||2vw||true|false\u00bb custom_padding_tablet=\u00bb100px||100px|\u00bb custom_padding_phone=\u00bb|||\u00bb animation_style=\u00bbslide\u00bb animation_direction=\u00bbleft\u00bb animation_intensity_slide=\u00bb5%\u00bb border_radii=\u00bb|||30vw|\u00bb border_color_all=\u00bb#0ee1f4&#8243; border_width_right=\u00bb2vw\u00bb border_color_right=\u00bb#7f3078&#8243; box_shadow_style=\u00bbpreset4&#8243; box_shadow_horizontal=\u00bb20px\u00bb box_shadow_vertical=\u00bb0px\u00bb box_shadow_color=\u00bbrgba(127,48,120,0.86)\u00bb][et_pb_row _builder_version=\u00bb4.5.7&#8243; custom_padding=\u00bb0|0px|27px|0px\u00bb][et_pb_column type=\u00bb4_4&#8243; _builder_version=\u00bb3.25&#8243; custom_padding=\u00bb|||\u00bb custom_padding__hover=\u00bb|||\u00bb][et_pb_text admin_label=\u00bbText\u00bb _builder_version=\u00bb4.5.7&#8243; text_font=\u00bbMontserrat|300|||||||\u00bb text_font_size=\u00bb22px\u00bb text_line_height=\u00bb1.8em\u00bb ul_font=\u00bb||||||||\u00bb header_font=\u00bbMontserrat|||on|||||\u00bb header_font_size=\u00bb40px\u00bb header_line_height=\u00bb1.2em\u00bb text_orientation=\u00bbcenter\u00bb background_layout=\u00bbdark\u00bb module_alignment=\u00bbcenter\u00bb custom_padding=\u00bb20px||||false|false\u00bb text_line_height_tablet=\u00bb2em\u00bb text_line_height_phone=\u00bb2em\u00bb text_line_height_last_edited=\u00bboff|desktop\u00bb header_font_size_tablet=\u00bb40px\u00bb header_font_size_phone=\u00bb\u00bb header_font_size_last_edited=\u00bbon|tablet\u00bb header_line_height_tablet=\u00bb1.2em\u00bb header_line_height_phone=\u00bb1.1em\u00bb header_line_height_last_edited=\u00bbon|phone\u00bb header_text_shadow_style=\u00bbpreset3&#8243; header_text_shadow_color=\u00bbrgba(0,0,0,0.06)\u00bb]<\/p>\n<h1>Certificados y Reconocimientos<\/h1>\n<p>[\/et_pb_text][\/et_pb_column][\/et_pb_row][\/et_pb_section][et_pb_section fb_built=\u00bb1&#8243; _builder_version=\u00bb4.5.7&#8243; custom_margin=\u00bb50px||0px||false|false\u00bb custom_padding=\u00bb0px||0px||false|false\u00bb][et_pb_row column_structure=\u00bb1_2,1_2&#8243; _builder_version=\u00bb4.5.7&#8243; custom_margin=\u00bb||0px||false|false\u00bb custom_margin_tablet=\u00bb||0px|\u00bb custom_margin_last_edited=\u00bboff|desktop\u00bb use_custom_width=\u00bbon\u00bb width_unit=\u00bboff\u00bb custom_width_percent=\u00bb100%\u00bb][et_pb_column type=\u00bb1_2&#8243; _builder_version=\u00bb4.5.7&#8243; custom_padding_tablet=\u00bb0px|50px|50px|50px\u00bb custom_padding_last_edited=\u00bboff|desktop\u00bb padding_tablet=\u00bb0px|50px|50px|50px\u00bb padding_last_edited=\u00bbon|desktop\u00bb custom_padding__hover=\u00bb|||\u00bb][et_pb_text _builder_version=\u00bb4.5.7&#8243; text_font=\u00bbMontserrat|300|||||||\u00bb text_font_size=\u00bb16px\u00bb text_line_height=\u00bb1.8em\u00bb header_font=\u00bb||||||||\u00bb header_2_font=\u00bbMontserrat|||on|||||\u00bb header_2_text_align=\u00bbleft\u00bb header_2_font_size=\u00bb30px\u00bb header_2_line_height=\u00bb1.5em\u00bb max_width=\u00bb600px\u00bb custom_margin=\u00bb70px||0px||false|false\u00bb custom_margin_tablet=\u00bb0px|50px||50px\u00bb custom_margin_phone=\u00bb0px||||false|false\u00bb custom_margin_last_edited=\u00bbon|phone\u00bb header_2_font_size_tablet=\u00bb\u00bb header_2_font_size_phone=\u00bb30px\u00bb header_2_font_size_last_edited=\u00bbon|phone\u00bb]<\/p>\n<h1>Individuo calificado en controles preventivos para alimentos para consumo humano FSPCA<\/h1>\n<p>[\/et_pb_text][et_pb_divider divider_weight=\u00bb5px\u00bb _builder_version=\u00bb4.5.7&#8243; custom_margin=\u00bb||10px||false|false\u00bb custom_padding=\u00bb10px||||false|false\u00bb][\/et_pb_divider][et_pb_text _builder_version=\u00bb4.7.4&#8243; text_font=\u00bbMontserrat||||||||\u00bb text_line_height=\u00bb2.6em\u00bb text_orientation=\u00bbjustified\u00bb custom_margin=\u00bb0px||||false|false\u00bb custom_padding=\u00bb0px||||false|false\u00bb hover_enabled=\u00bb0&#8243; sticky_enabled=\u00bb0&#8243;]<\/p>\n<p><span>La Alianza en Controles Preventivos para la Inocuidad Alimentaria (FSPCA en ingl\u00e9s) es una amplia alianza p\u00fablica-privada formada por la industria, la academia y el gobierno. Se estableci\u00f3 a finales de 2011\u00a0por una subversi\u00f3n de la Administraci\u00f3n de Alimentos y Medicamentos de los Estados Unidos (FDA, por su siglas en ingl\u00e9s) y el Instituto de Seguridad y Salud Alimentaria del Instituto de Tecnolog\u00eda de Illinois (IFSH, IIT, por sus siglas en ingl\u00e9s).<\/span><\/p>\n<p>[\/et_pb_text][\/et_pb_column][et_pb_column type=\u00bb1_2&#8243; _builder_version=\u00bb4.5.7&#8243; custom_padding=\u00bb|||\u00bb custom_padding__hover=\u00bb|||\u00bb][et_pb_image src=\u00bbhttp:\/\/www.ideafoodsafetyinnovation.com\/sitio\/\/wp-content\/uploads\/2020\/08\/2471337-scaled.jpg\u00bb title_text=\u00bb2471337&#8243; force_fullwidth=\u00bbon\u00bb align_tablet=\u00bbcenter\u00bb align_phone=\u00bb\u00bb align_last_edited=\u00bbon|desktop\u00bb _builder_version=\u00bb4.5.7&#8243; custom_margin=\u00bb|||\u00bb custom_padding=\u00bb|||\u00bb animation_style=\u00bbslide\u00bb animation_direction=\u00bbright\u00bb animation_intensity_slide=\u00bb5%\u00bb border_radii=\u00bb|30px|||30px\u00bb border_color_all=\u00bb#2f8cff\u00bb border_width_bottom=\u00bb2vw\u00bb border_color_bottom=\u00bb#7f3078&#8243; box_shadow_style=\u00bbpreset3&#8243; box_shadow_vertical=\u00bb30px\u00bb box_shadow_blur=\u00bb80px\u00bb box_shadow_spread=\u00bb-30px\u00bb box_shadow_color=\u00bbrgba(102,141,186,0.7)\u00bb][\/et_pb_image][\/et_pb_column][\/et_pb_row][et_pb_row _builder_version=\u00bb4.5.7&#8243; _module_preset=\u00bbdefault\u00bb custom_margin=\u00bb-9px||50px||false|false\u00bb custom_padding=\u00bb0px||||false|false\u00bb][et_pb_column type=\u00bb4_4&#8243; _builder_version=\u00bb4.5.7&#8243; _module_preset=\u00bbdefault\u00bb][et_pb_text _builder_version=\u00bb4.5.7&#8243; _module_preset=\u00bbdefault\u00bb text_font=\u00bbMontserrat||||||||\u00bb header_text_align=\u00bbjustify\u00bb text_orientation=\u00bbjustified\u00bb]<\/p>\n<p><span>El Certificado de entrenamiento de\u00a0<\/span><strong>Individuo calificado en controles preventivos para alimentos para consumo humano FSPCA<\/strong><span>\u00a0es otorgado en el curso Controles preventivos para alimentos para consumo humano FSPCA de acuerdo a Ley de Modernizaci\u00f3n de la Inocuidad de los Alimentos(FSMA) de la FDA.<\/span><\/p>\n<p>[\/et_pb_text][\/et_pb_column][\/et_pb_row][\/et_pb_section][et_pb_section fb_built=\u00bb1&#8243; _builder_version=\u00bb4.5.7&#8243; _module_preset=\u00bbdefault\u00bb custom_margin=\u00bb-82px||||false|false\u00bb custom_padding=\u00bb0px||||false|false\u00bb][et_pb_row column_structure=\u00bb1_2,1_2&#8243; _builder_version=\u00bb4.5.7&#8243; custom_margin=\u00bb||0px||false|false\u00bb custom_margin_tablet=\u00bb||0px|\u00bb custom_margin_last_edited=\u00bboff|desktop\u00bb use_custom_width=\u00bbon\u00bb width_unit=\u00bboff\u00bb custom_width_percent=\u00bb100%\u00bb][et_pb_column type=\u00bb1_2&#8243; _builder_version=\u00bb4.5.7&#8243; _module_preset=\u00bbdefault\u00bb][et_pb_image src=\u00bbhttp:\/\/www.ideafoodsafetyinnovation.com\/sitio\/\/wp-content\/uploads\/2020\/08\/2471435-scaled.jpg\u00bb title_text=\u00bb2471435&#8243; force_fullwidth=\u00bbon\u00bb align_tablet=\u00bbcenter\u00bb align_phone=\u00bb\u00bb align_last_edited=\u00bbon|desktop\u00bb _builder_version=\u00bb4.5.7&#8243; custom_margin=\u00bb|||\u00bb custom_padding=\u00bb|||\u00bb animation_style=\u00bbslide\u00bb animation_direction=\u00bbright\u00bb animation_intensity_slide=\u00bb5%\u00bb border_radii=\u00bboff||32px|32px|\u00bb border_color_all=\u00bb#2f8cff\u00bb border_width_bottom=\u00bb2vw\u00bb border_color_bottom=\u00bb#7f3078&#8243; box_shadow_style=\u00bbpreset3&#8243; box_shadow_vertical=\u00bb30px\u00bb box_shadow_blur=\u00bb80px\u00bb box_shadow_spread=\u00bb-30px\u00bb box_shadow_color=\u00bbrgba(102,141,186,0.7)\u00bb][\/et_pb_image][\/et_pb_column][et_pb_column type=\u00bb1_2&#8243; _builder_version=\u00bb4.5.7&#8243; custom_padding=\u00bb|||\u00bb custom_padding__hover=\u00bb|||\u00bb][et_pb_text _builder_version=\u00bb4.7.4&#8243; text_font=\u00bbMontserrat|300|||||||\u00bb text_font_size=\u00bb16px\u00bb text_line_height=\u00bb1.8em\u00bb header_font=\u00bb||||||||\u00bb header_2_font=\u00bbMontserrat|||on|||||\u00bb header_2_text_align=\u00bbleft\u00bb header_2_font_size=\u00bb30px\u00bb header_2_line_height=\u00bb1.5em\u00bb max_width=\u00bb600px\u00bb custom_margin=\u00bb-3px||0px||false|false\u00bb custom_margin_tablet=\u00bb0px|50px||50px\u00bb custom_margin_phone=\u00bb0px||||false|false\u00bb custom_margin_last_edited=\u00bbon|phone\u00bb hover_enabled=\u00bb0&#8243; header_2_font_size_tablet=\u00bb\u00bb header_2_font_size_phone=\u00bb30px\u00bb header_2_font_size_last_edited=\u00bbon|phone\u00bb sticky_enabled=\u00bb0&#8243;]<\/p>\n<h1>Misi\u00f3n<\/h1>\n<p>[\/et_pb_text][et_pb_divider divider_weight=\u00bb5px\u00bb _builder_version=\u00bb4.5.7&#8243; custom_margin=\u00bb||10px||false|false\u00bb custom_padding=\u00bb10px||||false|false\u00bb][\/et_pb_divider][et_pb_text _builder_version=\u00bb4.5.7&#8243; text_font=\u00bbMontserrat||||||||\u00bb text_line_height=\u00bb2.6em\u00bb text_orientation=\u00bbjustified\u00bb custom_margin=\u00bb0px||2px||false|false\u00bb custom_padding=\u00bb0px||||false|false\u00bb]<\/p>\n<p><span>La misi\u00f3n de la FSPCA es apoyar la producci\u00f3n inocua de alimentos para el mercado de EE.UU. mediante el desarrollo de un plan de estudios y de materiales educativos t\u00e9cnicos sobre los Controles Preventivos que se promulgaron de acuerdo a la Ley de Modernizaci\u00f3n de Seguridad Alimentaria (FSMA en ingl\u00e9s). El FSPCA es administrado por comit\u00e9s ejecutivos integrados por miembros de las principales organizaciones interesadas en representaci\u00f3n de asociaciones de la industria de alimentos, acad\u00e9micos, expertos en la materia de la industria alimentaria, asociaciones comerciales y agencias reguladoras.<\/span><\/p>\n<p>[\/et_pb_text][\/et_pb_column][\/et_pb_row][\/et_pb_section]<\/p>\n","protected":false},"excerpt":{"rendered":"<p>Certificados y ReconocimientosIndividuo calificado en controles preventivos para alimentos para consumo humano FSPCALa Alianza en Controles Preventivos para la Inocuidad Alimentaria (FSPCA en ingl\u00e9s) es una amplia alianza p\u00fablica-privada formada por la industria, la academia y el gobierno. Se estableci\u00f3 a finales de 2011\u00a0por una subversi\u00f3n de la Administraci\u00f3n de Alimentos y Medicamentos de los [&hellip;]<\/p>\n","protected":false},"author":1,"featured_media":0,"parent":0,"menu_order":0,"comment_status":"closed","ping_status":"closed","template":"","meta":{"_et_pb_use_builder":"on","_et_pb_old_content":"","_et_gb_content_width":"","footnotes":""},"class_list":["post-493","page","type-page","status-publish","hentry"],"yoast_head":"<!-- This site is optimized with the Yoast SEO plugin v25.3.1 - https:\/\/yoast.com\/wordpress\/plugins\/seo\/ -->\n<title>Individuo calificado en controles preventivos para alimentos para consumo humano FSPCA - FSI<\/title>\n<meta name=\"robots\" content=\"index, follow, max-snippet:-1, max-image-preview:large, max-video-preview:-1\" \/>\n<link rel=\"canonical\" href=\"http:\/\/www.ideafoodsafetyinnovation.com\/sitio\/individuo-calificado-en-controles-preventivos-para-alimentos-para-consumo-humano-fspca\/\" \/>\n<meta property=\"og:locale\" content=\"es_ES\" \/>\n<meta property=\"og:type\" content=\"article\" \/>\n<meta property=\"og:title\" content=\"Individuo calificado en controles preventivos para alimentos para consumo humano FSPCA - FSI\" \/>\n<meta property=\"og:description\" content=\"Certificados y ReconocimientosIndividuo calificado en controles preventivos para alimentos para consumo humano FSPCALa Alianza en Controles Preventivos para la Inocuidad Alimentaria (FSPCA en ingl\u00e9s) es una amplia alianza p\u00fablica-privada formada por la industria, la academia y el gobierno. Se estableci\u00f3 a finales de 2011\u00a0por una subversi\u00f3n de la Administraci\u00f3n de Alimentos y Medicamentos de los [&hellip;]\" \/>\n<meta property=\"og:url\" content=\"http:\/\/www.ideafoodsafetyinnovation.com\/sitio\/individuo-calificado-en-controles-preventivos-para-alimentos-para-consumo-humano-fspca\/\" \/>\n<meta property=\"og:site_name\" content=\"FSI\" \/>\n<meta property=\"article:modified_time\" content=\"2020-12-03T19:51:41+00:00\" \/>\n<meta name=\"twitter:card\" content=\"summary_large_image\" \/>\n<meta name=\"twitter:label1\" content=\"Tiempo de lectura\" \/>\n\t<meta name=\"twitter:data1\" content=\"6 minutos\" \/>\n<script type=\"application\/ld+json\" class=\"yoast-schema-graph\">{\"@context\":\"https:\/\/schema.org\",\"@graph\":[{\"@type\":\"WebPage\",\"@id\":\"http:\/\/www.ideafoodsafetyinnovation.com\/sitio\/individuo-calificado-en-controles-preventivos-para-alimentos-para-consumo-humano-fspca\/\",\"url\":\"http:\/\/www.ideafoodsafetyinnovation.com\/sitio\/individuo-calificado-en-controles-preventivos-para-alimentos-para-consumo-humano-fspca\/\",\"name\":\"Individuo calificado en controles preventivos para alimentos para consumo humano FSPCA - FSI\",\"isPartOf\":{\"@id\":\"https:\/\/www.ideafoodsafetyinnovation.com\/sitio\/#website\"},\"datePublished\":\"2020-08-24T21:12:39+00:00\",\"dateModified\":\"2020-12-03T19:51:41+00:00\",\"breadcrumb\":{\"@id\":\"http:\/\/www.ideafoodsafetyinnovation.com\/sitio\/individuo-calificado-en-controles-preventivos-para-alimentos-para-consumo-humano-fspca\/#breadcrumb\"},\"inLanguage\":\"es\",\"potentialAction\":[{\"@type\":\"ReadAction\",\"target\":[\"http:\/\/www.ideafoodsafetyinnovation.com\/sitio\/individuo-calificado-en-controles-preventivos-para-alimentos-para-consumo-humano-fspca\/\"]}]},{\"@type\":\"BreadcrumbList\",\"@id\":\"http:\/\/www.ideafoodsafetyinnovation.com\/sitio\/individuo-calificado-en-controles-preventivos-para-alimentos-para-consumo-humano-fspca\/#breadcrumb\",\"itemListElement\":[{\"@type\":\"ListItem\",\"position\":1,\"name\":\"Portada\",\"item\":\"https:\/\/www.ideafoodsafetyinnovation.com\/sitio\/\"},{\"@type\":\"ListItem\",\"position\":2,\"name\":\"Individuo calificado en controles preventivos para alimentos para consumo humano FSPCA\"}]},{\"@type\":\"WebSite\",\"@id\":\"https:\/\/www.ideafoodsafetyinnovation.com\/sitio\/#website\",\"url\":\"https:\/\/www.ideafoodsafetyinnovation.com\/sitio\/\",\"name\":\"FSI\",\"description\":\"Cursos\",\"potentialAction\":[{\"@type\":\"SearchAction\",\"target\":{\"@type\":\"EntryPoint\",\"urlTemplate\":\"https:\/\/www.ideafoodsafetyinnovation.com\/sitio\/?s={search_term_string}\"},\"query-input\":{\"@type\":\"PropertyValueSpecification\",\"valueRequired\":true,\"valueName\":\"search_term_string\"}}],\"inLanguage\":\"es\"}]}<\/script>\n<!-- \/ Yoast SEO plugin. -->","yoast_head_json":{"title":"Individuo calificado en controles preventivos para alimentos para consumo humano FSPCA - FSI","robots":{"index":"index","follow":"follow","max-snippet":"max-snippet:-1","max-image-preview":"max-image-preview:large","max-video-preview":"max-video-preview:-1"},"canonical":"http:\/\/www.ideafoodsafetyinnovation.com\/sitio\/individuo-calificado-en-controles-preventivos-para-alimentos-para-consumo-humano-fspca\/","og_locale":"es_ES","og_type":"article","og_title":"Individuo calificado en controles preventivos para alimentos para consumo humano FSPCA - FSI","og_description":"Certificados y ReconocimientosIndividuo calificado en controles preventivos para alimentos para consumo humano FSPCALa Alianza en Controles Preventivos para la Inocuidad Alimentaria (FSPCA en ingl\u00e9s) es una amplia alianza p\u00fablica-privada formada por la industria, la academia y el gobierno. Se estableci\u00f3 a finales de 2011\u00a0por una subversi\u00f3n de la Administraci\u00f3n de Alimentos y Medicamentos de los [&hellip;]","og_url":"http:\/\/www.ideafoodsafetyinnovation.com\/sitio\/individuo-calificado-en-controles-preventivos-para-alimentos-para-consumo-humano-fspca\/","og_site_name":"FSI","article_modified_time":"2020-12-03T19:51:41+00:00","twitter_card":"summary_large_image","twitter_misc":{"Tiempo de lectura":"6 minutos"},"schema":{"@context":"https:\/\/schema.org","@graph":[{"@type":"WebPage","@id":"http:\/\/www.ideafoodsafetyinnovation.com\/sitio\/individuo-calificado-en-controles-preventivos-para-alimentos-para-consumo-humano-fspca\/","url":"http:\/\/www.ideafoodsafetyinnovation.com\/sitio\/individuo-calificado-en-controles-preventivos-para-alimentos-para-consumo-humano-fspca\/","name":"Individuo calificado en controles preventivos para alimentos para consumo humano FSPCA - FSI","isPartOf":{"@id":"https:\/\/www.ideafoodsafetyinnovation.com\/sitio\/#website"},"datePublished":"2020-08-24T21:12:39+00:00","dateModified":"2020-12-03T19:51:41+00:00","breadcrumb":{"@id":"http:\/\/www.ideafoodsafetyinnovation.com\/sitio\/individuo-calificado-en-controles-preventivos-para-alimentos-para-consumo-humano-fspca\/#breadcrumb"},"inLanguage":"es","potentialAction":[{"@type":"ReadAction","target":["http:\/\/www.ideafoodsafetyinnovation.com\/sitio\/individuo-calificado-en-controles-preventivos-para-alimentos-para-consumo-humano-fspca\/"]}]},{"@type":"BreadcrumbList","@id":"http:\/\/www.ideafoodsafetyinnovation.com\/sitio\/individuo-calificado-en-controles-preventivos-para-alimentos-para-consumo-humano-fspca\/#breadcrumb","itemListElement":[{"@type":"ListItem","position":1,"name":"Portada","item":"https:\/\/www.ideafoodsafetyinnovation.com\/sitio\/"},{"@type":"ListItem","position":2,"name":"Individuo calificado en controles preventivos para alimentos para consumo humano FSPCA"}]},{"@type":"WebSite","@id":"https:\/\/www.ideafoodsafetyinnovation.com\/sitio\/#website","url":"https:\/\/www.ideafoodsafetyinnovation.com\/sitio\/","name":"FSI","description":"Cursos","potentialAction":[{"@type":"SearchAction","target":{"@type":"EntryPoint","urlTemplate":"https:\/\/www.ideafoodsafetyinnovation.com\/sitio\/?s={search_term_string}"},"query-input":{"@type":"PropertyValueSpecification","valueRequired":true,"valueName":"search_term_string"}}],"inLanguage":"es"}]}},"_links":{"self":[{"href":"https:\/\/www.ideafoodsafetyinnovation.com\/sitio\/wp-json\/wp\/v2\/pages\/493","targetHints":{"allow":["GET"]}}],"collection":[{"href":"https:\/\/www.ideafoodsafetyinnovation.com\/sitio\/wp-json\/wp\/v2\/pages"}],"about":[{"href":"https:\/\/www.ideafoodsafetyinnovation.com\/sitio\/wp-json\/wp\/v2\/types\/page"}],"author":[{"embeddable":true,"href":"https:\/\/www.ideafoodsafetyinnovation.com\/sitio\/wp-json\/wp\/v2\/users\/1"}],"replies":[{"embeddable":true,"href":"https:\/\/www.ideafoodsafetyinnovation.com\/sitio\/wp-json\/wp\/v2\/comments?post=493"}],"version-history":[{"count":8,"href":"https:\/\/www.ideafoodsafetyinnovation.com\/sitio\/wp-json\/wp\/v2\/pages\/493\/revisions"}],"predecessor-version":[{"id":1453,"href":"https:\/\/www.ideafoodsafetyinnovation.com\/sitio\/wp-json\/wp\/v2\/pages\/493\/revisions\/1453"}],"wp:attachment":[{"href":"https:\/\/www.ideafoodsafetyinnovation.com\/sitio\/wp-json\/wp\/v2\/media?parent=493"}],"curies":[{"name":"wp","href":"https:\/\/api.w.org\/{rel}","templated":true}]}}